{"id":9479,"date":"2025-09-03T21:26:41","date_gmt":"2025-09-03T18:26:41","guid":{"rendered":"https:\/\/termvisnyk.iul-nasu.org.ua\/?page_id=9479"},"modified":"2025-09-03T21:26:41","modified_gmt":"2025-09-03T18:26:41","slug":"suchasnyj-ukrayinskyj-publitsystychnyj-tekst-systemno-terminologichnyj-i-funktsionalno-stylovyj-vymiry","status":"publish","type":"page","link":"https:\/\/termvisnyk.iul-nasu.org.ua\/en\/suchasnyj-ukrayinskyj-publitsystychnyj-tekst-systemno-terminologichnyj-i-funktsionalno-stylovyj-vymiry.html","title":{"rendered":"Modern Ukrainian Publicist Text: Systemic-Terminological and Functional-Stylish Dimensions"},"content":{"rendered":"<strong>Tetiana Kots<\/strong><\/p>\n<p><b><i>Information about the author<\/i><\/b><span style=\"font-weight: 400;\">:<\/span> <span style=\"font-weight: 400;\">\u00a0<\/span><\/p>\n<p><span style=\"font-weight: 400;\">Doctor of Philological Sciences, Senior Researcher of the Department of Stylistics, Language Culture and Sociolinguistics,<br \/>\nInstitute of the Ukrainian Language of National Academy of Sciences of Ukraine<\/span>0003-4622-9559<\/p>\n<p><b><i>e-mail<\/i><\/b><span style=\"font-weight: 400;\">: tetyana_kots@ukr.net<\/span><\/p>\n<p><b><i>Title:<\/i><\/b> Modern Ukrainian Publicist Text: Systemic-Terminological and Functional-Stylish Dimensions<\/p>\n<p>https:\/\/doi.org\/10.37919\/2221-8807-2025-8-36<\/p>\n<p><b><i>Rubric:<\/i><\/b><span style=\"font-weight: 400;\"> Term in the Text<\/span><\/p>\n<p><b><i>Abstract<\/i><\/b><span style=\"font-weight: 400;\">: The article analyzes genre-style processes in modern journalistic texts in the conditions of digitalization. The causes and consequences of changes in the terminological paradigm of traditionally established and new concepts within the journalistic style as one of the functional varieties of the modern Ukrainian literary language are clarified. Based on the developments of Ukrainian and Pan-Slavic linguostylistics, the systematicity of the term journalistic style and the incorrectness of the concept of media style are substantiated, the terminological conditionality of the concepts of media discourseology, media text is determined. The communicative and pragmatic features of new multimedia genres in the context of interstyle interaction are determined.<br \/>\nThe mechanisms of the media in the present conditions are determined not only by the communicative-pragmatic intentions of the authors of the projects, the social demands of the time, but also by the technical capabilities of the digital environment. Integrating into them, the journalistic text retains its differential features against the background of other functional varieties of the literary language. This is the main reason for the linguistic expediency of using the traditional term of linguostylistics journalistic style, which has long been assimilated by the Ukrainian terminological system and in many Western European languages functions as internationalism. The concept of media style is incorrect, since modern media disseminate texts of all styles of the literary language. The introduction into scientific circulation of the concepts of media space, media discourse, media text indicates a change not in the nature of the journalistic text, but indicates its new communicative capabilities in the conditions of digitalization.<br \/>\nNew multimedia genres are also a product of modern technological means, which on the one hand make their hypertextuality and dialogicity possible, and on the other hand make the journalistic text particularly open to interaction with other stylistic varieties of literary language, in the conditions of democratization they adapt its vocabulary to the moods of society and the era, enhance expressiveness, provoking the phenomenon of stylistic polymorphism. The linguistic means of influencing the journalistic style on the mass consciousness are not new, but only deepened by the communicative intentions of the authors of the projects and reflect the change in the value orientations of the global world.<br \/>\n<em><strong>Keywords:<\/strong><\/em> journalistic text, media text, multimedia genre, inter-style interaction, dialogicity, colloquialism, expressiveness.<br \/>\n<\/span><\/p>\n<p><b><i>References:<\/i><\/b><\/p>\n<p>Bilodid, I. (Ed.). (1970\u20131980). Dictionary of the Ukrainian Language in 11 volumes. Kyiv: Naukova dumka (in Ukr.).<br \/>\nHorodenko, L.M., &amp; Tsymbalenko, Ye.S. (2023). Multimedia as a Technology of Genre Dif-fusion in the Context of Media Industry Transformation. Scientific Notes of the Institute of Jour-nalism, 1 (82), 11\u201332. http:\/\/www.scientific-notes.com\/wp-content\/uploads\/2023\/06\/82_1.pdf (in Ukr.).<br \/>\nZagorodniiy, M. (2022). Where Do Ukrainians Get Information in Wartime? Poll [Online Media]. Ukrainian Pravda. https:\/\/life.pravda.com.ua\/society\/2022\/06\/2\/248923\/ (in Ukr.).<br \/>\nPylynskyi, M.M. (1979). Language Norm and Style. Kyiv: Naukova dumka (in Ukr.).<br \/>\nDictionary of the Ukrainian Language in 20 volumes. (Vol. VIII. 2017). (Vol. VIII). Kyiv: Naukova Ddumka. (in Ukr.).<br \/>\nSyzonov, D. (2024). Media language in variable coordinates (screening of views in Ukraini-an and Polish science). Slavia orientalis (Vol. LXXII), 4, 907\u2013922. https:\/\/journals.pan.pl\/Content\/130440 (in Ukr.).file:\/\/\/C:\/Users\/tanya\/Downloads\/130440.pdf<br \/>\nTodorova, B. (2014). Stylistics in the Bulgarian language. Belgrade. (in Bulgarian).<br \/>\nShevchenko, V. E. (2020). Multimedia stories [interactive teaching aid]. Kyiv: Institute of Journalism. http:\/\/labs.journ.knu.ua\/mtmd\/7937\/shevchenko-v-e-multymedijni-istoriyiinteraktyvnyj-navchalnyj-posibnyk\/ (in Ukr.).<br \/>\nCambridge Dictionary. https:\/\/dictionary.cambridge.org\/uk\/dictionary\/english\/ (in Eng.)<br \/>\n\u010cechov\u00e1, M., &amp; Stybl\u043dk, V. (1998). Czech and its teaching. Prague: SPN (in Czech).<br \/>\nChudzi\u0144ski, E. (Ed.). (2007). Dictionary of media knowledge. Warsaw: ParkEdukacja (in Pol.).<br \/>\nChudzi\u0144ski, E. (2000). Column. Genesis and evolution of the genre. Journalism and the world of media. Krak\u0443w: Society of Authors and Publishers of Scientific Works \u201cUniversitas\u201d, 197\u2013213 (in Pol.).<br \/>\nDeuze, M. (2004). What is Multimedia Journalism. Journalism Studies, 5(2), 139\u2013152 (in Eng.).<br \/>\nEckkrammer, E.M. (2015). Kontrastywna tekstologia medi\u0443w a wymiar historyczny \u2013 ramy teoretyczno-metodologiczne. Lingwistyka medi\u00f3w. Antologia t\u0142umacze\u0144. Wroc\u0142aw: Oficyna Wydawnicza Atut, Wroc\u0142awskie Wydawnictwo O\u015bwiatowe, 297\u2013316 (in Pol.).<br \/>\nEsser, F. (1999). Tabloidization of News. A Comparative Analysis of Anglo-American and German Press Journalism. European Journal of Communication, 14, 3, 291\u2013324 (in Eng.).<br \/>\nGajda, S. (2001). New discourse communities and communication education. Changes in public language habits, 7\u201313 (in Eng.).<br \/>\nJanus, J. (2010). Tabloidyzacja j\u0119zyka informacji telewizyjnej, \u201eOblicza Komunikacji\u201d. Tabloidyzacja j\u0119zyka i kultury, 161\u2013175 (in Pol).<br \/>\nSochrov\u0430\u0301, M. (2007). Czech language: clearly developed topics, 1st ed. Prague: Fragment (in (in Czech).<br \/>\nK\u0119pa-Figura, D. (2010). J\u0119zykowe wymiary tabloidyzacji \u2013 studium przypadku, \u201eOblicza Komunikacji\u201d. Tabloidyzacja j\u0119zyka i kultury, 127\u2013134 (in Pol.).<br \/>\nKopci\u0144ska, H. (Ed.). (2005). J\u0119zyk polski. Warszawa (in Pol.).<br \/>\nLoewe, I. (2022). Kierunki j\u0119zykoznawczych bada\u0144 medi\u00f3w w Europie. Polska i jej s\u0105siedzi. Stylistyka (Vol. XXXI); 7\u201325. https:\/\/doi.org\/10.25167\/Stylistyka 31.2022.11 (in Pol.)<br \/>\nMakowska, \u041c. (2020). O multimodalnym designie informacji w dyskursie cyfrowym. Forum Lingwistyczne, 7(7), 89\u2013104 (in Pol.).<br \/>\nMartinkov\u0431, V. (2004). P\u0159ipravujeme se k maturit\u011b z \u010desk\u00e9ho jazyka: p\u0159ehledn\u011b vypracovan\u00e1 t\u00e9mata, 1. Vyd. Praha: Tripolia (in Czech).<br \/>\nMa\u0459kov\u0431, D. (2005). \u010cesk\u00fd jazyk: p\u0159ehled st\u0159edo\u0161kolsk\u00e9ho u\u010diva, 1. Vyd. T\u0159eb\u00ed\u010d: Petra Velanov\u00e1 (in Pol.).<br \/>\nMa\u015blanki, J. (Red.). (1976). Encyklopedia wiedzy o prasie. Ossolineum, Wroc\u0142aw (in Pol.).<br \/>\nSimi\u0107a, R. (2010). Stilistika Srpskog Jezika. Jacen (in Serb.).<br \/>\nSimpson, P. (2014). Stylistics: A Resource Book for Students (2nd ed.). Routledge (in Eng.).<br \/>\nSkowronek, B. (2019). Mediolingwistyka w Polsce. Pr\u00f3ba podsumowania. Wsp\u00f3\u0142czesne media. Problemy i metody bada\u0144 nad mediami (\u0422. II). Lublin: Wydawnictwo Uniwersytetu Marii Curie-Sk\u0142odows (in Pol.).<br \/>\nS\u0142ownik j\u0119zyka polskiego. https:\/\/sjp.pwn.pl\/szukaj\/publicystyczny.html (in Pol.).<br \/>\nSochrov\u0430\u0301, M. (2007). \u010cesk\u00fd jazyk: p\u0159ehledn\u011b vypracovan\u00e1 t\u00e9mata, 1. Vyd. Praha: Fragment (in Czech).<br \/>\nStockwell, P., &amp; Whiteley, S. (2014). The Cambridge Handbook of Stylistics. Cambridge University Press. https:\/\/doi.org\/10.1017\/CBO9781139237031 (in Eng.).<br \/>\nSzymoniak, \u041a. (2008). Mi\u0119dzy gazet\u0105 a Internetem \u2013 nowe gatunki dziennikarskie, paragatunki czy hybrydy? J\u0119zyk, Komunikacja, Informacja, 3, 121\u2013138. https:\/\/repozytorium.amu.edu.pl\/server\/api\/core\/bitstreams\/98427fc2-b93a-4064-bc6e-0a0d88aeadb4\/content (in Pol.).<br \/>\nVerdonk, P. (2003). Stylistics. Oxford University Press (in Eng.).<br \/>\nWojtak, M. (2004). Gatunki prasowe, Wydawnictwo UMCS, Lublin 2004 (in Pol.).<br \/>\nWolny-Zmorzy\u0144ski, K., Kaliszewski, A., &amp; Furman, W. (2006). Gatunki dziennikarskie. Teoria, praktyka, j\u0119zyk. Warszawa: Wydawnictwa Akademickie i Profesjonalne, 110\u2013123 (in Pol.).","protected":false},"excerpt":{"rendered":"<p>Tetiana Kots Information about the author: \u00a0 Doctor of Philological Sciences, Senior Researcher of the Department of Stylistics, Language Culture and Sociolinguistics, Institute of the Ukrainian Language of National Academy of Sciences of Ukraine0003-4622-9559 e-mail: tetyana_kots@ukr.net Title: Modern Ukrainian Publicist Text: Systemic-Terminological and Functional-Stylish Dimensions https:\/\/doi.org\/10.37919\/2221-8807-2025-8-36 Rubric: Term in the Text Abstract: The article analyzes [&hellip;]<\/p>\n","protected":false},"author":1,"featured_media":0,"parent":0,"menu_order":0,"comment_status":"closed","ping_status":"closed","template":"","meta":{"footnotes":""},"class_list":["post-9479","page","type-page","status-publish","hentry"],"_links":{"self":[{"href":"https:\/\/termvisnyk.iul-nasu.org.ua\/en\/wp-json\/wp\/v2\/pages\/9479","targetHints":{"allow":["GET"]}}],"collection":[{"href":"https:\/\/termvisnyk.iul-nasu.org.ua\/en\/wp-json\/wp\/v2\/pages"}],"about":[{"href":"https:\/\/termvisnyk.iul-nasu.org.ua\/en\/wp-json\/wp\/v2\/types\/page"}],"author":[{"embeddable":true,"href":"https:\/\/termvisnyk.iul-nasu.org.ua\/en\/wp-json\/wp\/v2\/users\/1"}],"replies":[{"embeddable":true,"href":"https:\/\/termvisnyk.iul-nasu.org.ua\/en\/wp-json\/wp\/v2\/comments?post=9479"}],"version-history":[{"count":1,"href":"https:\/\/termvisnyk.iul-nasu.org.ua\/en\/wp-json\/wp\/v2\/pages\/9479\/revisions"}],"predecessor-version":[{"id":9617,"href":"https:\/\/termvisnyk.iul-nasu.org.ua\/en\/wp-json\/wp\/v2\/pages\/9479\/revisions\/9617"}],"wp:attachment":[{"href":"https:\/\/termvisnyk.iul-nasu.org.ua\/en\/wp-json\/wp\/v2\/media?parent=9479"}],"curies":[{"name":"wp","href":"https:\/\/api.w.org\/{rel}","templated":true}]}}