{"id":9356,"date":"2023-09-12T23:35:43","date_gmt":"2023-09-12T20:35:43","guid":{"rendered":"https:\/\/termvisnyk.iul-nasu.org.ua\/?page_id=9356"},"modified":"2023-09-13T13:53:22","modified_gmt":"2023-09-13T10:53:22","slug":"ponyattya-movna-svidomist-u-suchasnij-lingvistychnij-terminosystemi","status":"publish","type":"page","link":"https:\/\/termvisnyk.iul-nasu.org.ua\/en\/ponyattya-movna-svidomist-u-suchasnij-lingvistychnij-terminosystemi.html","title":{"rendered":"THE CONCEPT OF \u00abLANGUAGE AWARENESS\u00bb IN THE MODERN LINGUISTIC TERMINOLOGY"},"content":{"rendered":"<strong>Tetiana Kots<\/strong><\/p>\n<p><strong><em>Information about the author<\/em><\/strong>:\u00a0 Doctor of Philology, Institute of the Ukrainian Language of National Academy of Sciences of Ukraine<\/p>\n<p><strong><em>e-mail<\/em><\/strong>: tetyana_kots@ukr.net<\/p>\n<p><a href=\"https:\/\/doi.org\/10.37919\/2221-8807-2023-7-15\">https:\/\/doi.org\/10.37919\/2221-8807-2023-7-15<\/a><\/p>\n<p><strong><em>Title<\/em><\/strong>: THE CONCEPT OF \u00abLANGUAGE AWARENESS\u00bb IN THE MODERN LINGUISTIC TERMINOLOGY<\/p>\n<p><strong><em>Rubric<\/em><\/strong>:\u00a0TERMINOLOGY OF LINGUISTIC.\u00a0TERMINOGRAPHY AND PRACTICE OF COMPILING BRANCH DICTIONARIES<\/p>\n<p><strong><em>Language<\/em><\/strong>: Ukrainian<\/p>\n<p><strong><em>Abstract<\/em><\/strong>: The article analyzes the historiography and historiosophy of the concept of linguistic consciousness in the projection onto the term system of modern linguistics. The definition of the term is proposed, its integrative connections, generic-species correlations in\u00a0 synchrony and diachrony are clarified. In the historical aspect, the formation of national and social linguistic consciousness and their textual\u00a0 implementation is established. Linguistic, sociocultural, cognitive, communicative factors are taken into account for the comprehensive disclosure of the content of the concept of linguistic consciousness and the differentiation of linguistic concepts related to it.<br \/>\nA\u00a0 comprehensive analysis of the concept of language consciousness justifies its status as a psycholinguistic category that covers the results of\u00a0 mental activity, perception and assimilation of information verbalized by means of the national language. Its units are concepts\u00a0 (ethnocentrisms), which are realized in language with the help of an associative-verbal thesaurus: words, phrases, expressions, grammatical\u00a0 and logical categories, grammatical and textual forms, functioning of the intentional-motivational mechanism. In the language, two types of\u00a0 verbal manifestations of linguistic consciousness constantly interact: 1) associated with the formation of a stable mechanism of functional\u00a0 structures of associative-verbal thesauri, the developed core of networks, words, grammatical and logical categories, which is a manifestation\u00a0 of the durability of national memory; 2) connected with dynamic, primarily evaluative, processes in verbal networks, verbal structures, intentional images.<br \/>\nLinguistic consciousness in all its varieties (folk, social and ethnocentric, communicative) is a dynamic, culturally and\u00a0 socially conditioned and integral element of the history of the literary language. It changes along with the development of the nation,\u00a0 acquires new forms and manifestations, improves synchronously with the formation of a conscious, intellectual society.<\/p>\n<p><strong><em>Keywords<\/em>:<\/strong> linguistic consciousness, national consciousness, social linguistic consciousness, linguistic picture of the world, text.<\/p>\n<p><strong><em>References<\/em><\/strong><\/p>\n<ol>\n<li>Bybyk, S.P. (2013). Usna literaturna mova v ukrainskii kulturi povsiakdennia [Oral literary language is everyday in Ukrainian culture].\u00a0 Nizhyn: Aspekt-polihraf (in Ukr.).<\/li>\n<li>Georgyeva M. Yezykt na mediite: yezykovo soznanie, norma, i greshka. Orbislinguarum. Volume 20. Issue 1. Retrieved from\u00a0 https:\/\/doi.org\/10.37708\/ezs.swu.bg.v20i1.7 57 (in Bulg.).<\/li>\n<li>Hnatiuk, L.P. (2010). Movnyi fenomen Hryhoriia Skovorody v konteksti staroukrainskoi knyzhnoi tradytsii: monohrafiia [The linguistic phenomenon of Hryhoriy Skovoroda in the context of the old Ukrainian book tradition]. Kyiv: VPTs \u00abKyivskyi universytet\u00bb (in Ukr.).<\/li>\n<li>Hrushevskyi, M. (1913). Pro ukrainsku movu i ukrainsku shkolu [About the Ukrainian language and the Ukrainian school]. Kyiv (in\u00a0 Ukr.).<\/li>\n<li>Eiher, H.V. (1990). Mekhanyzmy kontrolia yazykovoi pravylnosty vyskazyvanyia [Mechanisms for controlling the linguistic correctness\u00a0 of an utterance]. Kharkiv (in Ukr.).<\/li>\n<li>Yermolenko, S. (2007). Mova i ukrainoznavchyi svitohliad [Language and the worldview of Ukrainian studies]. Kyiv (in Ukr.).<\/li>\n<li>Yermolenko, S.Ya., Vokalchuk, H.M., Ganzha, A.Yu. [et al]. (2016). Terytoriia movy Tarasa Shevchenka [Taras Shevchenko\u2019s language\u00a0 territory]. Kyiv: Vydavnychyi dim Dmytra Buraho (in Ukr.).<\/li>\n<li>Kots, T.A. (2018). Ukrainske slovo v presi kintsia XX \u2013 pochatku XXI st.: dynamika literaturnoi normy [The Ukrainian word in the press of the late 19th and early 21st centuries: the dynamics of the literary norm]. Kyiv: Vydavnychyi dim Dmytra Buraho (in Ukr.).<\/li>\n<li>Selihei, P. (2012). Movna svidomist: struktura, typolohiia, vykhovannia [Language consciousness: structure, typology, education]. Kyiv:\u00a0 Kyievo-Mohylianska akademiia (in Ukr.).<\/li>\n<li>Berwick, R.C. &amp; Chomsky, N. (2016). Why Only Us: Language and Evolution. Cambridge, MA: The MIT Press (in Eng.).<\/li>\n<li>Block, N. (1995). On a confusion about a function of consciousness. Behavioral and Brain Sciences 18 (2), 227\u2013247 (in Eng.).<\/li>\n<li>Cygan, S. (2002). Zagadnienie \u015bwiadomo\u015bci j\u0119zykowej w Literaturze j\u0119zykoznawczej. Annales Academiae Paedagogicae Cracoviensis.\u00a0 Folia 6. Studia Linguistica I. S. 47 \u2013 54 (in Pol.).<\/li>\n<li>Fodor, J.A. (1975). The Language of Thought. Cambridge, MA: Harvard University Press (in Eng.).<\/li>\n<li>Fodor, J.A. (2008). LOT 2: The Language of Thought Revisited. New York: Oxford University Press (in USA).<\/li>\n<li>Gajda, S. (1987). Nauka o kulturze j\u0119zyka. Polonistyka, 8, 581\u2013592 (in Pol.).<\/li>\n<li>Gibson, J.J. (1979). The Ecological Approach to Visual Perception. Boston: Houghton Mifflin (in Eng.).<\/li>\n<li>Markowski, A. (1992). Polszczy znako\u0144ca X X wieku, Warszawa (in Pol.).<\/li>\n<li>Markowski, A. (1998). (Postawy u\u017cytkownik\u00f3w wobec j\u0119zyka. Warszawa (in Pol.).<\/li>\n<li>Montemayor, C. &amp; Haladjian, H.H. (2015). Consciousness, Attention, and Conscious Attention. Cambridge, MA: MIT Press (in Eng.).<\/li>\n<li>N\u011bmcov\u00e1, \u0415. Jazykov\u00e9 postoje ako indik\u00e1torjazykov\u00e9ho vedomia. Retrieved from https: \/\/ digilib.phil.muni.cz\/_flysystem\/fedora\/pdf\/133372.pdf (in Pol.).<\/li>\n<\/ol>","protected":false},"excerpt":{"rendered":"<p>Tetiana Kots Information about the author:\u00a0 Doctor of Philology, Institute of the Ukrainian Language of National Academy of Sciences of Ukraine e-mail: tetyana_kots@ukr.net https:\/\/doi.org\/10.37919\/2221-8807-2023-7-15 Title: THE CONCEPT OF \u00abLANGUAGE AWARENESS\u00bb IN THE MODERN LINGUISTIC TERMINOLOGY Rubric:\u00a0TERMINOLOGY OF LINGUISTIC.\u00a0TERMINOGRAPHY AND PRACTICE OF COMPILING BRANCH DICTIONARIES Language: Ukrainian Abstract: The article analyzes the historiography and historiosophy of [&hellip;]<\/p>\n","protected":false},"author":1,"featured_media":0,"parent":0,"menu_order":0,"comment_status":"closed","ping_status":"closed","template":"","meta":{"footnotes":""},"class_list":["post-9356","page","type-page","status-publish","hentry"],"_links":{"self":[{"href":"https:\/\/termvisnyk.iul-nasu.org.ua\/en\/wp-json\/wp\/v2\/pages\/9356","targetHints":{"allow":["GET"]}}],"collection":[{"href":"https:\/\/termvisnyk.iul-nasu.org.ua\/en\/wp-json\/wp\/v2\/pages"}],"about":[{"href":"https:\/\/termvisnyk.iul-nasu.org.ua\/en\/wp-json\/wp\/v2\/types\/page"}],"author":[{"embeddable":true,"href":"https:\/\/termvisnyk.iul-nasu.org.ua\/en\/wp-json\/wp\/v2\/users\/1"}],"replies":[{"embeddable":true,"href":"https:\/\/termvisnyk.iul-nasu.org.ua\/en\/wp-json\/wp\/v2\/comments?post=9356"}],"version-history":[{"count":3,"href":"https:\/\/termvisnyk.iul-nasu.org.ua\/en\/wp-json\/wp\/v2\/pages\/9356\/revisions"}],"predecessor-version":[{"id":9424,"href":"https:\/\/termvisnyk.iul-nasu.org.ua\/en\/wp-json\/wp\/v2\/pages\/9356\/revisions\/9424"}],"wp:attachment":[{"href":"https:\/\/termvisnyk.iul-nasu.org.ua\/en\/wp-json\/wp\/v2\/media?parent=9356"}],"curies":[{"name":"wp","href":"https:\/\/api.w.org\/{rel}","templated":true}]}}