{"id":9314,"date":"2023-09-13T11:59:30","date_gmt":"2023-09-13T08:59:30","guid":{"rendered":"https:\/\/termvisnyk.iul-nasu.org.ua\/?page_id=9314"},"modified":"2023-09-13T13:07:27","modified_gmt":"2023-09-13T10:07:27","slug":"lingvistychna-terminologiya-u-fokusi-teoriyi-mentiologiyi","status":"publish","type":"page","link":"https:\/\/termvisnyk.iul-nasu.org.ua\/en\/lingvistychna-terminologiya-u-fokusi-teoriyi-mentiologiyi.html","title":{"rendered":"LINGUISTIC TERMINOLOGY IN THE FOCUS OF THE MENTIOLOGY THEORY"},"content":{"rendered":"<strong>Tet\u0456ana Kosmeda<\/strong><\/p>\n<p><strong><em>Information about the author<\/em><\/strong>: Doctor of Philological Sciences, Professor, Vasyl\u2019 Stus Donetsk National University<\/p>\n<p><strong><em>e-mail<\/em><\/strong>: tkosmeda@mail.com<\/p>\n<p><strong>Vira Kalinichenko<\/strong><\/p>\n<p><strong><em>Information about the author<\/em><\/strong>: PhD in Philology, Head of the Department of Foreign Languages for Specific Purposes, Vasyl\u2019 Stus Donetsk National University<\/p>\n<p><strong><em>e-mail<\/em><\/strong>: kalinichenko.v@donnu.edu.ua<\/p>\n<p><a href=\"https:\/\/doi.org\/10.37919\/2221-8807-2023-7-6\">https:\/\/doi.org\/10.37919\/2221-8807-2023-7-6\u00a0<\/a><\/p>\n<p><strong><em>Title<\/em><\/strong>: LINGUISTIC TERMINOLOGY IN THE FOCUS OF THE MENTIOLOGY THEORY<\/p>\n<p><strong><em>Rubric<\/em><\/strong>:\u00a0<span class=\"Y2IQFc\" lang=\"en\">TERM AND LANGUAGE PRACTICE. PROFESSIONAL LANGUAGE PERSONALITY<\/span><\/p>\n<p><strong><em>Language<\/em><\/strong>: Ukrainian<\/p>\n<p><strong><em>Abstract<\/em><\/strong>: The objective of the paper under consideration is to display the formation and development specifics of\u00a0 the linguistic terminology associated with the linguistic mentiology formation issue. Since language reflects reality as\u00a0 it is, or as individuals want to imagine it, which they want to project, then it is quite logical that the language makes untruth verbalized, fake (untrue) concepts get fixed, and corresponding terms emerge in the academic and\u00a0 general discourse. One can definitely observe the modeling of the terms system for describing language (speech)\u00a0 facts, processes and phenomena, which when being nominated have a basic semantic component representing the\u00a0 untruth (false\/lies) concept. This semantic constituent, in particular, is formally (explicitly) covered by means of\u00a0 quasi-, pseudo- elements and expressed implicitly by means of the corresponding semes in the term semantic\u00a0 structure, which represent the untruth (false\/lies) concept. These include: false, unreliable, untrue, distorted, unreal,\u00a0 disinformation, disguising, fictitious, fantasy, imaginative, paradoxical, exaggerated, understated, belittled,\u00a0 concealed, one that reflects part of the truth, one that substitutes one for another, one that does not correspond to\u00a0 reality, one that contradicts the original meaning, one which can only be assumed, one which conceals the true\u00a0 meaning. Most of the above mentioned terms that outline the mentiology term field belong to monosemantic and one-word structure terms, a smaller part of them can be regarded as polysemantic and multicomponent by their\u00a0 structure. Within the terms system under consideration homonyms emerge, some terms expand their meaning, which is not yet registered in current dictionaries of linguistic terms. The terms analyzed primarily belong to the metalanguage of lexicology (quasi-synonyms, quasi-synonymy), onomastics (names distortion, pseudonym),\u00a0 orphemics (quasi-inflection, pseudo-motivation), morphology (quasi-grammeme), syntax (evidentiality and its\u00a0 counterpart category, quasi-sentence, pseudo-question), communicative linguistics (truth criterion, sincerity\u00a0 riterion, truthfulness maxim \/ postulate, pseudo-communication), text linguistics and discourse linguistics (quasi-discourse, quasi-text), linguistic stylistics (catachresis, quasicontrast), etymology (pseudo-etymology),\u00a0 sociolinguistics (quasi-ethnonym, pseudoethnonym). The issue discussed has broad prospects for further research:\u00a0 the mentiology terms will need systematic fixation and being processed by lexicographers.<\/p>\n<p><strong><em>Keywords<\/em>:<\/strong> linguistics of lies, mentiology metalanguage, terms with semantic representation elements of untruth\u00a0 (false\/lies) concepts, terms with formal quasi- and pseudo components.<\/p>\n<p><em><strong>Legend<\/strong><\/em><br \/>\n\u0421\u0421\u041b-1 \u2013 Zahnitko, A. (2012). <em>Slovnyk suchasnoi linhvistyky: Poniattia i terminy<\/em> [<em>Dictionary of modern linguistics:\u00a0 Concepts and terms<\/em>] (Vol. 1\u20134). (Vol. 1). Donetsk: Vyd-vo DonNU (in Ukr.).<br \/>\n\u0421\u0421\u041b-2 \u2013 Zahnitko, A. (2012). <em>Slovnyk suchasnoi linhvistyky: Poniattia i terminy<\/em> [<em>Dictionary of modern linguistics:\u00a0 Concepts and terms<\/em>] (Vol. 1\u20134). (Vol. 2). Donetsk: Vyd-vo DonNU (in Ukr.).<br \/>\n\u0421\u0421\u041b-3 \u2013 Zahnitko, A. (2012). <em>Slovnyk suchasnoi linhvistyky: Poniattia i terminy<\/em> [<em>Dictionary of modern linguistics:\u00a0 Concepts and terms<\/em>] (Vol. 1\u20134). (Vol. 3). Donetsk: Vyd-vo DonNU (in Ukr.).<br \/>\n\u0421\u0421\u041b-4 \u2013 Zahnitko, A. (2012).<em> Slovnyk suchasnoi linhvistyky: Poniattia i terminy<\/em> [<em>Dictionary of modern linguistics:\u00a0 Concepts and terms<\/em>] (Vol. 1\u20134). (Vol. 4). Donetsk: Vyd-vo DonNU (in Ukr.).<\/p>\n<p><strong><em>References<\/em><\/strong><\/p>\n<ol>\n<li>Azhniuk, B.M. (2021). <em>Movna polityka [Language policy]: Ukraina i svit [Ukraine and the World].<\/em> Kyiv:\u00a0 Vydavnychyi dim Dmytra Buraho (in Ukr.).<\/li>\n<li>Bosak, N.F. (2002). Stanovlennia dyktsiinoi normatyvnosti movlennia u studentiv filolohichnykh fakultetiv\u00a0 VNZ osvity [Formation of speech dictional normativity among philology faculty students of higher education institutions]. <em>Pedahohichni nauky<\/em> [<em>Pedagogical sciences<\/em>], 28\u201335. Retrieved from\u00a0 http:\/\/www.enpuir.npu.edu.ua\/bitstream\/handle\/123456789\/16732\/Bosak.pdf;jsessionid=CEA4B9283DF99B9A3A515B10B7F4B118?sequence=1 (Access mode: 9.03.2023) (in Ukr.).<\/li>\n<li>Vasylchenko, V. (2022 \/\u0430\/). Potvory kandebrianskoi movy [Monsters of the Candebrian language]. <em>Onlain-vydannia \u00abUkrainskyi interes\u00bb<\/em> [<em>Online news-source \u201cUkrainian interest\u201d<\/em>]. Retrieved from\u00a0 https:\/\/uain.press\/blogs\/962584-962584 (Access mode: 9.03.2023) (in Ukr.).<\/li>\n<li>Vasylchenko, V. (2022 \/b\/). Symuliakr, abo vyplid drimuchoho nevihlastva [A simulacrum, or the product of\u00a0 slumbering ignorance.]. <em>Onlain-vydannia \u00abUkrainskyi interes\u00bb<\/em> [<em>Online news-source \u201cUkrainian interest\u201d<\/em>].\u00a0 Retrieved from: https:\/\/uain.press\/blogs\/1109149-1109149) (Access mode: 9.03.2023) (in Ukr.).<\/li>\n<li>Holodiuk, Ya.B. (2011). Kvaziremarky v ukrainskomovnii internetnii komunikatsii: osoblyvosti vynyknennia ta\u00a0 prahmatyka vykorystannia [Quasi-remarks in Ukrainianlanguage Internet communication: occurrence peculiarities and use pragmatics]. <em>Mova i kultura<\/em> [<em>Language and culture<\/em>], 14 (5), 238\u2013246 (in Ukr.).<\/li>\n<li>Hordiichuk, M.I. (2021). Poniattia FAKE NEWS ta komunikatyvni zasoby yoho vyiavlennia [The concept of\u00a0 FAKE NEWS and its detection communicative means]. <em>Movni i kontseptualni kartyny svitu<\/em> [<em>Linguistic and\u00a0 conceptual worldviews<\/em>], 3 (70), 29\u201339 (in Ukr.).<\/li>\n<li>Hosovska, M. (2019). Pidzhyn: kvazimova, yaka nikomu ne ye ridnoiu [Pidgin: a quasi-language that is not\u00a0 native to anyone]. <em>BBC news Ukraina<\/em> [<em>BBC news Ukraine<\/em>]. Retrieved from https:\/\/www.bbc.com\/ukrainian\/blogs-50137149 (Access mode: 12.02.2023) (in Ukr.).<\/li>\n<li>Gadamer, H.-G. (2000). Istyna i metod [Truth and method] (Vol. 1\u20132). (Vol. 2: (<em>Hermenevtyka II\u00a0 <\/em>[<em>Hermeneutics II<\/em>] \/ per. z nim.). Kyiv: \u201cYunivers\u201d (in Ukr.).<\/li>\n<li>Zviehyntsova, M.E. (2018). Maikl Shchur: hra yak stratehiia podolannia psevdokomunikatsii [Michael Schur: a\u00a0 play as a strategy for overcoming pseudocommunication]. <em>Visnyk Kharkivskoi derzhavnoi akademii kultury.\u00a0 Seriia : Sotsialni komunikatsii<\/em> [<em>Kharkiv State Academy of Culture Bulletin. Series: Social Communications<\/em>], 53, 9\u201315 (in Ukr.).<\/li>\n<li>Kabachii, R. Psevdozahrozheni psevdomovy [Pseudoendangered pseudolanguages]. (2010). <em>Hazeta\u00a0 \u201cUkrainskyi tyzhden\u201d<\/em> [<em>Newspaper \u201cThe Ukrainian Week\u201d<\/em>]. Retrieved from\u00a0 https:\/\/tyzhden.ua\/psevdozahrozheni-psevdomovy\/ (Access mode: 17.03.2023) (in Ukr.).<\/li>\n<li>Kalinichenko, V.I. (2022 \/a\/). Linhvalni aspekty katehorii neimovirnosti (na prykladi ukrainskomovnykh\u00a0 militipsevdonimiv) [Linguistic aspects of the improbability category (based on Ukrainian militypseudonyms)].\u00a0 <em>The VIII International Scientific and Practical Conference \u201cMultidisciplinary academic research, innovation\u00a0 and results\u201d (April 05 \u2013 08, 2022)<\/em> (pp. 581\u2013585). Prague, Czech Republic: Library of Congress Cataloging- in Publication Data (in Ukr.).<\/li>\n<li>Kalinichenko, V.I. (2021 \/b\/). \u00abLinhvistyka brekhni\u00bb: doslidnytski pidkhody, aspekty, parametry kriz pryzmu\u00a0 chasu y prostoru [\u201cLinguistics of lies\u201d: research approaches, aspects, parameters via the prism of time and\u00a0 space]. In <em>Materialy naukovoi konferentsii profesorsko-vykladatskoho skladu, naukovykh pratsivnykiv i zdobuvachiv naukovoho stupenia za pidsumkamy naukovo-doslidnoi roboty za period 2019\u20132020 rr.\u00a0 (Kvitentraven 2021)<\/em> [<em>Proceedings of the scientific conference for professors and teaching staff, researchers and\u00a0 degree holders based on the research work results for the 2019\u20132020 time period (April-May 2021)<\/em>]. Vinnytsia: DonNU imeni Vasylia Stusa (Vasyl\u2019 Stus DonNU). Retrieved from https:\/\/jpvs.donnu.edu.ua\/article\/view\/10318 (Access mode: 10.03.2023) (in Ukr.).<\/li>\n<li>Kalinichenko, V.I. (2022 \/b\/). Militipsevdonimy yak osoblyvyi vyd antroponimiv u vitchyznianykh\u00a0 linhvistychnykh studiiakh [Military pseudonyms as a special type of anthroponyms in domestic linguistic\u00a0 studies]. <em>Linhvistychni doslidzhennia: zbirnyk naukovykh prats Kharkivskoho natsionalnoho pedahohichnoho\u00a0 universytetu imeni\u00a0H.S. Skovorody<\/em> [<em>Linguistic studies: a scientific works collection of H.S. Skovoroda Kharkiv National Pedagogical University<\/em>], 56, 256\u2013268 (in Ukr.).<\/li>\n<li>Kalinichenko, V.I. (2022 \/c\/). Nepravda yak smyslovyi komponent u strukturi ukrainskomovnoho psevdonimu\u00a0 [Untruth as a semantic component in the structure of a Ukrainian pseudonym]. <em>Monohrafiia\u00a0 (Iuvileinyi zbirnyk naukovykh prats), prysviachenyi 65-richchiu z dnia narodzhennia T.A. Kosmedy [Monograph (Anniversary collection of scientific works), dedicated to the 65th T.A. Kosmeda\u2019s birth anniversary<\/em>] (pp. 527\u2013541). Kharkiv: Vyd-vo KNU im. V.N. Karazina [V.N. Karazin Kharkiv National\u00a0 University Publishing Office] (in Ukr.).<\/li>\n<li>Kosmeda, T. (2022 \/b\/). Modelirovanie psevdoinformacii v nauchnom lingvisticheskom diskurse: aktivnye\u00a0 manipulemy [Modeling pseudo-information in scientific linguistic discourse: active manipulations]. In\u00a0 Klimkevich, A. (Ed.). (2022). <em>Perswazja j\u0119zykowa w r\u00f3\u017cnych dyskursach<\/em> [<em>Rechevoe vozdejstvie v raznyh\u00a0 diskursah<\/em>] [<em>Speech influence in different discourses<\/em>] (Vol. 7. Gdansk, 2022, pp. 155\u2013175). Gdansk: Izdatel\u2019stvo<br \/>\nGdan\u2019skogo universiteta [Gdansk University Publishing Office] (in Rus.).<\/li>\n<li>Kosmeda, T.A. (2021). Verbalizatsiia katehorii neimovirnosti: formuvannia ornamentalnoi mentiolohii (na\u00a0 materiali spivomovok S. Rudanskoho) [Verbalization of the improbability category: the ornamental mentiology\u00a0 formation (based on S. Rudanskyi\u2019s interviews material)]. <em>Movni i kontseptualni kartyny svitu\u00a0<\/em> [<em>Linguistic and conceptual worldviews<\/em>], 70\/3, 29\u201345 (in Ukr.).<\/li>\n<li>Kosmeda, T. (2020). Recepcija statusa ukrainskogo jazyka v rossijskom jazykoznanii: mif i real\u2019nost\u2019\u00a0 [Reception of the Ukrainian language status in Russian linguistics: myth and reality]. <em>Slavia Centralis. Glavni\u00a0 in odgovorni urednik<\/em>. Maribor: University of Maribor, 1, 126\u2013135 (in Rus.).<\/li>\n<li>Kostiuk, I. (2011). Mifolohema: istoriia poniattia v naukovomu dyskursi [Mythologeme: history of\u00a0 understanding in scientific discourse]. <em>Visnyk Lvivskoi Akademii mystetstv<\/em> [<em>Lviv Academy of Arts Bulletin<\/em>],\u00a0 22, 405\u2013416. Retrieved from https:\/\/lnam.edu.ua\/uk\/visnyk_detail\/id-22.html (Access mode 12.02.2023) (in Ukr.).<\/li>\n<li>Kucherova, O.O. (2021). Mentalni modeli avtora v novynnomu internet-dyskursi: feiky pro koronavirus\u00a0 [Author\u2019s mental models in the news Internet discourse: coronavirus fakes]. <em>Movni i kontseptualni kartyny\u00a0 svitu<\/em> [<em>Linguistic and conceptual worldviews<\/em>], 70\/3, 43\u201358 (in Ukr.).<\/li>\n<li>Lavrynenko, O.L. &amp; Lavrynenko, H.Ya. (2017). \u201cKvazimova\u201d ta povnotsinna mova liudyny yak mekhanizmy\u00a0 vyrazhennia riznykh rivniv vidobrazhennia diisnosti [\u201cQuasi\u201d and full-fledged human language as mechanisms\u00a0 of expressing different levels of reality reflection]. <em>Aktualni pytannia inozemnoi filolohii<\/em> [<em>Current issues of\u00a0 foreign philology<\/em>], 6, 91\u201394 (in Ukr.).<\/li>\n<li>Morozova, O.I. (2008). <em>Linhvalni aspekty nepravdy yak kohnityvno-komunikatyvnoho utvorennia (na materiali suchasnoi anhliiskoi movy)<\/em> [<em>Linguistic aspects of untruth as a cognitive-communicative formation\u00a0 (based on the modern English language material)<\/em>] [Synopsis of PhD thesis]. Kyiv National Linguistic\u00a0 University (in Ukr.).<\/li>\n<li>Mudra, I. (2016). Poniattia \u00abfeik\u00bb ta yoho vydy u ZMI [The concept of \u201cfake\u201d and its types in mass media].\u00a0 <em>Tele- ta radiozhurnalistyka<\/em> [<em>Television and radio journalism<\/em>],15, 184\u2013188 (in Ukr.).<\/li>\n<li>Ohiienko, I. (1909). Ukrainsko-Rosiiskyi slovnyk V. Dubrovskoho [Ukrainian-Russian dictionary by V.Dubrovsky.]. Redaktsiia I. Steshenka. (Vydavnytstvo \u00abChas\u00bb u Kyivi). <em>Literaturno-naukovyi vistnyk<\/em> [<em>Literary and scientific bulletin<\/em>], VII \/ IV (46), 200\u2013205 (in Ukr.).<\/li>\n<li>Omelchuk, Yu. (2018). <em>Psevdonovyny yak zhanr suchasnoho anhlomovnoho mediadyskursu:\u00a0 linhvokohnityvnyi, komunikatyvno-prahmatychnyi parametry<\/em> [<em>Pseudonews as a genre of modern English\u00a0 media discourse: linguistic-cognitive, communicative-pragmatic parameters<\/em>] [Synopsis of PhD thesis].\u00a0 Zaporizhzhia National University (in Ukr.).<\/li>\n<li>Pavliuk, I. (2018). Kvazikomunikatsiia. Psykhoanalitychnyi dyskurs [Quasicommunication. Psychoanalytic\u00a0 discourse]. Visnyk Lvivskoho universytetu. Seriia \u201cZhurnalistyka\u201d [<em>Lviv University Bulletin. Series:\u00a0 Journalism\u201d<\/em>], 44, 341\u2013351 (in Ukr.).<\/li>\n<li>Potebnia, O. (1985). <em>Estetyka i poetyka slova: zbirnyk<\/em> [<em>Aesthetics and poetics of the word: essay collection<\/em>].\u00a0 (Per. A. Kolodnoi.). Kyiv: Mystetstvo (in Ukr.).<\/li>\n<li>Pryshchepa, H. (2021). <em>Feik u linhvistychnomu vymiri [The linguistic dimension of fake]. Movni i\u00a0 kontseptualni kartyny svitu<\/em> [<em>Linguistic and conceptual worldviews<\/em>], 70\/3, 79\u201380 (in Ukr.).<\/li>\n<li>Khvanko, A. (1892). (A. Krymskyi). Nasha yazykova skruta ta sposib zaradyty lykhovy [Our language problem\u00a0 and the way to resolve it]. <em>Zoria [Dawn].<\/em> 20, 472\u2013474 (in Ukr.).<\/li>\n<li>Bolinger, D. Le Merton. (2021). <em>Language \u2013 The Loaded Weapon: The Use and Abuse of Language Today<\/em>\u00a0(1st ed.). London: Routledge Taylor and Francis Group.<\/li>\n<li>Kalinichenko, V.I. (2022). Battle call-signs (military pseudonyms) in domestic linguistic studies: the problem of terminology and definition. In Kalinichenko, V.I. (Ed. in Chief). <em>\u0406V International Scientific Conference for\u00a0 Bachelor, Master, Graduate Students and Young Researchers \u201cTopical Issues of Humanities, Technical and\u00a0 Natural Sciences\u201d<\/em> (March 31, 2022) (p\u0440. 241\u2013245). Vinnytsia: Vasyl Stus DonNU.<\/li>\n<li>Kalinichenko, V.I. (2021). The category of fake in present-day linguistic studies. In Kalinichenko, V.I. (Ed. in\u00a0 Chief). <em>V International Scientific Conference for Bachelor, Master, Graduate Students and Young Researchers\u00a0 \u201cTopical Issues of Humanities, Technical and Natural Sciences\u201d<\/em> (March 25, 2021) (\u0440\u0440. 267\u2013272). Vinnytsia:\u00a0 Vasyl Stus DonNU.<\/li>\n<li>Kosmeda, T. (2022 \/a\/). Gendernaja leksikografija: formirovanie novogo napravlenija (slovari feminitivov\u00a0 russkogo i ukrainskogo jazykov) [Gender lexicography: the new direction formation issues (dictionaries of\u00a0 feminitives in the Russian and Ukrainian languages)]. <em>Wiener Slawistischer Almanach. Ludwig-Maximilians-Universit\u00e4t.<\/em> M\u00fcnchen,135\u2013148 (in Rus.).<\/li>\n<li>Weinrich, H. (2005). <em>The Linguistics of Lying And Other Essays<\/em>. (Translated by Jane K. Brown and Marshall\u00a0 Brown). Washington, Seattle: University of Washington Press.<\/li>\n<\/ol>","protected":false},"excerpt":{"rendered":"<p>Tet\u0456ana Kosmeda Information about the author: Doctor of Philological Sciences, Professor, Vasyl\u2019 Stus Donetsk National University e-mail: tkosmeda@mail.com Vira Kalinichenko Information about the author: PhD in Philology, Head of the Department of Foreign Languages for Specific Purposes, Vasyl\u2019 Stus Donetsk National University e-mail: kalinichenko.v@donnu.edu.ua https:\/\/doi.org\/10.37919\/2221-8807-2023-7-6\u00a0 Title: LINGUISTIC TERMINOLOGY IN THE FOCUS OF THE MENTIOLOGY THEORY [&hellip;]<\/p>\n","protected":false},"author":1,"featured_media":0,"parent":0,"menu_order":0,"comment_status":"closed","ping_status":"closed","template":"","meta":[],"_links":{"self":[{"href":"https:\/\/termvisnyk.iul-nasu.org.ua\/en\/wp-json\/wp\/v2\/pages\/9314"}],"collection":[{"href":"https:\/\/termvisnyk.iul-nasu.org.ua\/en\/wp-json\/wp\/v2\/pages"}],"about":[{"href":"https:\/\/termvisnyk.iul-nasu.org.ua\/en\/wp-json\/wp\/v2\/types\/page"}],"author":[{"embeddable":true,"href":"https:\/\/termvisnyk.iul-nasu.org.ua\/en\/wp-json\/wp\/v2\/users\/1"}],"replies":[{"embeddable":true,"href":"https:\/\/termvisnyk.iul-nasu.org.ua\/en\/wp-json\/wp\/v2\/comments?post=9314"}],"version-history":[{"count":5,"href":"https:\/\/termvisnyk.iul-nasu.org.ua\/en\/wp-json\/wp\/v2\/pages\/9314\/revisions"}],"predecessor-version":[{"id":9411,"href":"https:\/\/termvisnyk.iul-nasu.org.ua\/en\/wp-json\/wp\/v2\/pages\/9314\/revisions\/9411"}],"wp:attachment":[{"href":"https:\/\/termvisnyk.iul-nasu.org.ua\/en\/wp-json\/wp\/v2\/media?parent=9314"}],"curies":[{"name":"wp","href":"https:\/\/api.w.org\/{rel}","templated":true}]}}