{"id":9160,"date":"2022-08-31T00:00:10","date_gmt":"2022-08-30T21:00:10","guid":{"rendered":"https:\/\/termvisnyk.iul-nasu.org.ua\/?page_id=9160"},"modified":"2022-10-21T16:33:44","modified_gmt":"2022-10-21T13:33:44","slug":"ivan-franko-yak-fundator-idej-kognityvnoyi-lingvistyky","status":"publish","type":"page","link":"https:\/\/termvisnyk.iul-nasu.org.ua\/en\/ivan-franko-yak-fundator-idej-kognityvnoyi-lingvistyky.html","title":{"rendered":"IVAN FRANKO AS A FOUNDER OF UKRAINIAN COGNITIVE LINGUISTICS"},"content":{"rendered":"<em><strong>Yaroslav Yaremko<\/strong><\/em><\/p>\n<p><strong><em>Information about the author<\/em><\/strong>: Doctor of Philology, Professor, Drohobych State Pedagogical University\u00a0of Ivan Franko<\/p>\n<p><strong><em>e-mail<\/em><\/strong>: yaremkojar@ukr.net<\/p>\n<p><strong><em>Title<\/em><\/strong>: IVAN FRANKO AS A FOUNDER OF UKRAINIAN COGNITIVE LINGUISTICS<\/p>\n<p><strong><em>Rubric<\/em><\/strong>:\u00a0<span class=\"Y2IQFc\" lang=\"en\">TERM AND LANGUAGE PRACTICE. PROFESSIONAL LANGUAGE PERSONALITY<\/span><\/p>\n<p><strong><em>Language<\/em><\/strong>: Ukrainian<\/p>\n<p><strong><em>Abstract<\/em><\/strong>: The article represents linguistic innovative ideas of Ivan Franko \u2013 terminologist and term inventor, his natiosophical regard of a scientific language. Franko\u2019s multidimensional characteristic of a term by means of triple model \u2018culture \u2013 consciousness \u2013 utterance\u2019 formed in the Ukrainian linguistics methodological basis for anthropological terminology and particularly interdisciplinary sciences (cognitive linguistics, psycholinguistics, theory of communication, linguopolitology). By and large, they formed linguocognitological paradigm. The\u00a0 study highlights the influence of the thinker-encyclopedist on the establishment of the Ukrainian cognitive linguistics.<\/p>\n<p><strong><em>Keywords<\/em>:<\/strong> Ivan Franko, linguistic innovative ideas, term, anthropological terminology, Ukrainian cognitive linguistics.<\/p>\n<p><strong><em>References<\/em><\/strong><\/p>\n<ol>\n<li>1. Apresian, Yu.D. (1995). Obraz chielovieka po dannym yazyka: Popytka sistiemnogo opisaniya. Voprosy yazykoznaniya, 1, 37\u201367 (in Russ.).<br \/>\n2. Arutiunova, N.D. (1999). Yazyk i mir chelovieka. 2-e izd., ispr. Moscow: Yazyk russkoi kultury (in Russ.).<br \/>\n3. Batsevych, F.S. (1977). Kognityvne i lingvalne v procesakh verbalixatsiyi. Movoznavstvo, 6, 30\u201331 (in Ukr.).<br \/>\n4. Boldyriev, N.N. (2004). Kontseptualnoye prostranstvo kognitivnoi lingvistiki. Voprosy kognitivnoi lingvistiki, 1, 18\u201336 (in Russ.).<br \/>\n5. Buriachok, A.A. (Ed.) (1996\u20132000). Slovnyk synonimiv ukrainskoi movy (T.1\u20132). Kyiv: Naukova dumka (in Ukr.).<br \/>\n6. Busel, V.T. (Ed.) (2001). Velyky tlumachny slovnyk suchasnoyi ukrayinskoyi movy. Kyiv; Irpin (in Ukr.).<br \/>\n7. Franko, \u0406. (1986). Poza mezhamy mozhlyvigo In Franko, \u0406. (1976\u20131986). Zibrannia tvoriv: In 50 t. (V. 45. pp. 276\u2013285). Kyiv:\u00a0 Naukova dumka (in Ukr.).<br \/>\n8. Franko, I. (1982). Literaturna mova \u0456 dialekty In Franko, \u0406. (1976\u20131986). Zibrannia tvoriv: In 50 t. (V. 37, pp. 205\u2013210). Kyiv:\u00a0 Naukova dumka (In Ukr.).<br \/>\n9. Franko, I. (1982). Mykhailo P[etrovych] Starytsky. In Franko, \u0406. (1976\u20131986). Zibrannia tvoriv: In 50 t. (V. 33, pp. 230\u2013277). Kyiv: Naukova dumka. (In Ukr.).<br \/>\n10. Franko, Z. (2003). Statti, spogady, materialy. Lviv (in Ukr.).<br \/>\n11. Franko, \u0406. (1976). \u201cYakby tu znav, yak mnogo vazhyt slovo\u2026\u201d. In Franko, \u0406. (1976\u20131986). Zibrannia tvoriv: In 50 t. (V. 3, pp. 172\u2013173). Kyiv: Naukova dumka (In Ukr.).<br \/>\n12. Franko, \u0406. (1980). Hovorymo na vovka \u2013 skazhimo I za vovka. In Franko, \u0406. (1976\u20131986). Zibrannia tvoriv: In 50 t. (V. 28, pp. 167\u2013175). Kyiv: Naukova dumka (In Ukr.).<br \/>\n13. Franko, \u0406. (1981). Iz sekretiv poetychnoyi tvorchosti. In Franko, \u0406. (1976\u20131986). Zibrannia tvoriv: In 50 t. (V. 31, pp. 167\u2013175). Kyiv: Naukova dumka. (In Ukr.).<br \/>\n14. Franko, \u0406. (1986). Nauka i yiyi vzayemyny z pratsiuyuchymy kliasamy. In Franko, \u0406. (1976\u20131986). Zibrannia tvoriv: In 50 t. (V. 45, pp. 24\u201340). Kyiv: Naukova dumka. (In Ukr.).<br \/>\n15. Franko, I. (2001). Ne pora, ne pora, ne pora. In Franko, I. (2001). Mozaika: Iz tvoriv, shcho ne vviishly do Zibr. tv. u 50 t.\u00a0 Compillers Z.T. Franko, M.R. Vasylenko) (p. 23). Lviv: Kameniar. (in Ukr.).<br \/>\n16. Greshchuk, V. (1998). Poetychna tvorchist Ivana Franka i rozvytok leksyky ukrayinskoyi literaturnoyi movy kintsia XX \u2013 pochatku XX st. Ivan Franko \u2013 pysmennyk, myslytel, hromadianyn: Materialy Mizhnarodnoyi naukovoyi konferentsiyi. (pp. 686\u2013690).<br \/>\nLviv: Svit (in Ukr.).<br \/>\n17. Greshchuk, V. (2009). Studii z ukrayinskogo movoznavstva: Vybrani pratsi. R. Bachkur (Ed.). Ivano-Frankivsk: Misto (in Ukr.).<br \/>\n18. Hrynchyshyn, D. (Ed.) (1994\u20132010). Slovnyk ukrayinskoyi movy XVI \u2013 pershoyi polovyny XVII st. (Issues 1\u201315). Lviv (in Ukr.).<br \/>\n19. Humboldt, W. (1985). Yazyk i filosofiya kultury. Moscow (in Russ.).<br \/>\n20. Humboldt, W. von (1984). Kharakter Yazykov. In Wilhelm von Humboldt (Ed) (1984). Izbrannyye Trudy po yazykoznaniyu.\u00a0 Moscow: Progress (in Russ.).<br \/>\n21. Ilyin, I.A. (1993). Put dukhovnogo obnovlieniya. In P.V. Alieksieyeva, V.I. Kurayev (Ed.) (1993). Put k ochevidnosti. Moscow: Riespublika (in Russ.).<br \/>\n22. Ivashchenko, V. (2006). Kontseptualna representatsiya fragmentiv znannia v naukovo\u2013mystetskiy kartyni svitu (na materiali ukrayinskoyi mystetstvoznavchoyi terminologiyi). Kyiv: Vydavnychyi dim Dmytra Burago (in Ukr.).<br \/>\n23. Karasik, V.I. &amp; Sternin, I.A. (2004). \u201cAntologiya kontseptov\u201d kak popytka sozdaniya lingvokognitologicheskoi entsyklopedii. Lingvokontseptologiya, Issue 1, 33\u201339. Voroniezh (in Russ.).<br \/>\n24. Khobzei, N., Simovych, K., Yastremska, T. &amp; Dydyk-Meush, T. (2012) (2nd edition). Leksykon lvivsky: povazhno I na zhart. Lviv: Institute of Ukraine Studies Named after I. Krypyakevych of NAS in Ukraine (in Ukr.).<br \/>\n25. Kocherhan, M.P. &amp; Kosmeda, T. (2007). Komunikatyvna kompetentsiya Ivana Fanka. Movoznavstvo, 4\u20135, 104\u2013107 (in Ukr.).<br \/>\n26. Kocherhan, M.P. (2003). Movoznavstvo na suchasnomu etapi. Dyvoslovo, 5, 24\u201329 (in Ukr.).<br \/>\n27. Kubriakova, Ye.S. (2004). Ob ustanovkakh kognitivnoi nauki i aktualnykh probliemakh kognitivnoi lingvistiki. Voprisy kognitivnoi lingvistiki, 1, 6\u20137 (in Russ.).<br \/>\n28. Kubriakova, Ye.S. (Ed.) (1988). Chieloviecheskiy factor v yazykie. Moscow (in Russ.).<br \/>\n29. Kubriakova, Ye.S. (Ed.) (1997). Kratkiy slovar kognitivnykh terminov. Moscow: MGTs (in Ukr.).<br \/>\n30. Malaniuk, Ye. (1962). Knyha sposterezhen. Proza. Toronto: Vydavnytstvo \u201cHomin Ukrayiny\u201d (in Ukr.).<br \/>\n31. Popova, Z.D. &amp; Stiernin, I.A. (2007). Kognitivnaya lingvistika. Moscow: Vostok-Zapad (in Russ.).<br \/>\n32. Postovalova, V.I. (1988). Kartina mira v zhyzniedieyatielnosti chielovieka. In B.A. Sieriebriennikov, Ye.S. Kubriakova, V.I. Postovalova et al. (1988). Rol cheloviecheskogo faktora v yazyke. Yazyk i kartina mira. Moscow: Nauka.<br \/>\n33. S\u0142awski F. (1964). S\u0142ownik etymologiczny j\u0119zyka polskiego. (V. 2). Krak\u00f3w (in Pl.).<br \/>\n34. Slovnyk ukrayinskoyi movy XVI \u2013 pershoyi polovyny XVII st. (1994\u20132010). (Issues 1\u201315). Lviv (in Ukr.).<br \/>\n35. Slukhai, N.V. (2002). Suchasni lingvistychni teiriyi kontseptu yak movno-kulturnogo fenomenu. Movni i kontseptualni kartyny svitu. Zbirnyk naukovykh prats, 7, 462\u2013470 (in Ukr.).<br \/>\n36. Stepanov, O.M. (Ed.) (2006). Psykhologichna entsyklopediya. Kyiv: Akademvydav (in Ukr.).<br \/>\n37. Stepanov, Yu.S. (1997). Konstanty. Slovar russkoi kultury. Opyt issledovaniya. Moscow: Yazyki russkoi kultury (in Russ.).<br \/>\n38. Tkachenko, O. (2006). Mova i natsionalna mentalnist: (Sproba suchasnogo syntezu). Kyiv: Hramota (in Ukr.).<br \/>\n39. Viezhbitskaya, A. (1997). Yazyk. Kultura. Poznaniye. Moskva: Russkiye slovari (in Russ.).<br \/>\n40. Zhaivoronok, V.V. (2004). Etnolingvistyka v koli sumizhnykh nauk. Movoznavstvo, 5\u20136, 23\u201335 (in Ukr.).<\/li>\n<\/ol>","protected":false},"excerpt":{"rendered":"<p>Yaroslav Yaremko Information about the author: Doctor of Philology, Professor, Drohobych State Pedagogical University\u00a0of Ivan Franko e-mail: yaremkojar@ukr.net Title: IVAN FRANKO AS A FOUNDER OF UKRAINIAN COGNITIVE LINGUISTICS Rubric:\u00a0TERM AND LANGUAGE PRACTICE. PROFESSIONAL LANGUAGE PERSONALITY Language: Ukrainian Abstract: The article represents linguistic innovative ideas of Ivan Franko \u2013 terminologist and term inventor, his natiosophical regard [&hellip;]<\/p>\n","protected":false},"author":1,"featured_media":0,"parent":0,"menu_order":0,"comment_status":"closed","ping_status":"closed","template":"","meta":[],"_links":{"self":[{"href":"https:\/\/termvisnyk.iul-nasu.org.ua\/en\/wp-json\/wp\/v2\/pages\/9160"}],"collection":[{"href":"https:\/\/termvisnyk.iul-nasu.org.ua\/en\/wp-json\/wp\/v2\/pages"}],"about":[{"href":"https:\/\/termvisnyk.iul-nasu.org.ua\/en\/wp-json\/wp\/v2\/types\/page"}],"author":[{"embeddable":true,"href":"https:\/\/termvisnyk.iul-nasu.org.ua\/en\/wp-json\/wp\/v2\/users\/1"}],"replies":[{"embeddable":true,"href":"https:\/\/termvisnyk.iul-nasu.org.ua\/en\/wp-json\/wp\/v2\/comments?post=9160"}],"version-history":[{"count":3,"href":"https:\/\/termvisnyk.iul-nasu.org.ua\/en\/wp-json\/wp\/v2\/pages\/9160\/revisions"}],"predecessor-version":[{"id":9236,"href":"https:\/\/termvisnyk.iul-nasu.org.ua\/en\/wp-json\/wp\/v2\/pages\/9160\/revisions\/9236"}],"wp:attachment":[{"href":"https:\/\/termvisnyk.iul-nasu.org.ua\/en\/wp-json\/wp\/v2\/media?parent=9160"}],"curies":[{"name":"wp","href":"https:\/\/api.w.org\/{rel}","templated":true}]}}