{"id":9128,"date":"2022-04-05T19:01:22","date_gmt":"2022-04-05T16:01:22","guid":{"rendered":"https:\/\/termvisnyk.iul-nasu.org.ua\/?page_id=9128"},"modified":"2022-10-21T16:56:12","modified_gmt":"2022-10-21T13:56:12","slug":"lesya-ukrayinka-yak-lingvist-terminolog-do-150-richchya-vid-dnya-narodzhennya-pysmennytsi","status":"publish","type":"page","link":"https:\/\/termvisnyk.iul-nasu.org.ua\/en\/zbirnyky-naukovyh-prats\/2021-2\/lesya-ukrayinka-yak-lingvist-terminolog-do-150-richchya-vid-dnya-narodzhennya-pysmennytsi.html","title":{"rendered":"LESIA UKRAINKA AS A LINGUIST-TERMINOLOGIST (devoted to the 150th anniversary of the writer\u2019s birth)"},"content":{"rendered":"<em><strong>Tetyana Kosmeda<\/strong><\/em><\/p>\n<p><strong><em>Information about the author<\/em><\/strong>: <span style=\"font-weight: 400;\">PhD in Linguistics<\/span>, <span style=\"font-weight: 400;\">professor (Ukraine), titled professor (Poland), Adam Mickiewicz University in Poznan (Poland)<\/span><\/p>\n<p><strong><em>e-mail<\/em><\/strong>: <span style=\"font-weight: 400;\">tkosmeda@gmail.com<\/span><\/p>\n<p><strong><em>Title<\/em><\/strong>: LESIA UKRAINKA AS A LINGUIST-TERMINOLOGIST (devoted to the 150th anniversary of the writer\u2019s birth)<\/p>\n<p><strong><em>Rubric<\/em><\/strong>:\u00a0<span class=\"Y2IQFc\" lang=\"en\">TERM AND LANGUAGE PRACTICE. PROFESSIONAL LANGUAGE PERSONALITY<\/span><\/p>\n<p><strong><em>Language<\/em><\/strong>: Ukrainian<\/p>\n<p><strong><em>Abstract<\/em><\/strong>: In this scientific investigation we set the task to trace how Lesya Ukrainka represents the intellectualism of the Ukrainian language through the prism of\u00a0 her linguistic consciousness, due to her word formation, verbalizing her own linguosophy as that one which belongs to a linguist-terminologist, master of the word,\u00a0 Ukrainian elitist linguistic personality, which is manifested in the epistolary discourse of the poet. It is about the writer\u2019s reasoning about the development of the\u00a0 Ukrainian language, description of its ontology, as well as her views on the development of Ukrainian terminology, relevant practical work on modeling terms,<br \/>\nincluding neologisms, etc. Lesya Ukrainka used various techniques of creating terms: (1) she tried to make the term correspond to the spirit of the Ukrainian\u00a0 language; (2) knowing the foreign languages well, the writer actively used foreign terms, using them in Latin graphics and transforming them into Cyrillic, tracing,\u00a0 trying to make them look Ukrainian, in particular, providing Ukrainian suffixes and endings; (3) she created terms-neologisms to describe the concepts that she\u00a0 introduced; (4) she intensified borrowed prefixoids, which today have become productive and regular; (5) she worked on modeling femininitives; (6) she represented\u00a0 figurative terms of the metaphorical type, as well as terms based on the phenomenon of precedent (actualization of proper precedent names, statements\u00a0 of famous people, delineation of precedent situations, etc.). Lesya Ukrainka considered herself a linguist to some extent, so she reflected on linguistic\u00a0 problems, the status of the Ukrainian language, its development, stylistics, the peculiarities of the functioning of the Ukrainian language in different regions of\u00a0 Ukraine, the nature of the influence of Russian and Polish. However, we see Lesya Ukrainka\u2019s merit first of all in the fact that she did not passively study the state\u00a0 and peculiarities of the Ukrainian language, but even in her letters to relatives and friends she left valuable observations, arguments, persistently and convincingly\u00a0 encouraged consistent and active language patriotism.<\/p>\n<p><strong><em>Keywords<\/em>:<\/strong> Ukrainian language, epistolary heritage, term, borrowing, neologism, language patriotism.<\/p>\n<p><strong><em>References<\/em><\/strong><\/p>\n<ol>\n<li>Arkushyn, H. (1995). Varianty imeni, zhartivlyvi prizvyska, psevdonimy ta kryptonimy Lesi Ukrainky. Dyvoslovo, 2, 15\u201316 (in Ukr.).<\/li>\n<li>Bohdan, S. (1991). Lesia Ukrainka i A. Yu. Krymskyi (Lysty yak dzherelo vyvchennia pryiazni dvokh heniiv ukrainskoho narodu). Mynule i suchasne Volyni.\u00a0 Istorychni postati kraiu: tezy dopovidei ta povidomlen na Volyn. ist.-kraiezn. konfer. (Lutsk, 11\u201313 October 1991) (pp. 66\u201367). Lutsk (in Ukr.).<\/li>\n<li>\u00a0Bohdan, S. (1993). Epistoliarii Lesi Ukrainky v istorii ukrainskoi literaturnoi movy. Lesia Ukrainka i suchasnist: tezy dop. ta povidomlen mizhn. nauk.-teoret. konferentsii (Odesa, 23\u201325 November 1993) (pp. 5\u20137). Odesa (in Ukr.).<\/li>\n<li>Bohdan, S. (1994). \u201eDo kohos liuboho, i dorohoho, i slavnoho\u2026\u201d (Semantykosyntaksychnyi fenomen lystiv Lesi Ukrainky do Olhy Kobylianskoi). Dyvoslovo, 2, 15\u201319 (in Ukr.).<\/li>\n<li>Bohdan, S. (2004). Dominanty avtoportreta Lesi Ukrainky za yii epistoliariieiu. Ucvainica 1. Sou\u010dasn\u00e1 ukrajinistika. Probl\u00e9my jazyka, literatury a kultury: K 65, narozenin\u00e1m prof. Jozefa Ander\u0161e (Sborn\u00edk \u010dl\u00e1nk\u016f. 2. Olomouck\u00e9 sympozium ukrajinist\u016f. 26\u201328 August 2004) (pp. 214\u2013218). Olomouc (in Ukr.).<\/li>\n<li>Bohdan, S. (2011). Verbalizatsiia obrazu moria v epistoliarnykh tekstakh Lesi Ukrainky. In Aktualni problemy slovianskoi filolohii. Seriia: Linhvistyka i literaturoznavstvo: mizhvuz. zb. nauk. prats. Vyp. XXIV. Ch. 1 (pp. 116\u2013123). Berdiansk: BDPU (in Ukr.).<\/li>\n<li>Bohdan, S. (2013). Sviate Pysmo yak intekst v epistoliarnykh tekstakh Lesi Ukrainky. Naukovyi visnyk Chernivetskoho universytetu: zb. nauk. prats. Vyp. 659: Romanoslovianskyi dyskurs (pp. 23\u201327). Chernivtsi: Chernivetskyi nats. un-t (in Ukr.).<\/li>\n<li>Bohdan, S. (2017). Rehuliatyvy sad i kvity v epistoliarnykh tekstakh Lesi Ukrainky. Linhvostylistychni studii, 7, 14\u201331(in Ukr.).<\/li>\n<li>\u00a0Bohdan, S. (2019). \u201cRokovi\u201d sviata v epistoliarnykh tekstakh Lesi Ukrainky: Rizdvo. Kultura slova (pp. 176\u2013189). Kyiv: Vydavnychyi dim Dmytra Buraho (in Ukr.).<\/li>\n<li>Bohdan, S. (2019). Leksychnyi rehuliatyv lis v epistoliarnykh tekstakh Lesi Ukrainky. Studia Ukrainica Posnaniensia, 7, 9\u201318 (in Ukr.).<\/li>\n<li>Bohdan, S. &amp; Tarasiuk, T. (2013). Verbalizatsiia kontseptu sviato v epistoliarnii povedintsi Lesi Ukrainky. In T. Kosmeda, T.Zeszyt I (Ed.). Studia Ukrainica\u00a0 Posnaniensia (pp. 23\u201337). Pozna\u0144 (in Ukr.).<\/li>\n<li>Kantorchuk, H. (2001). Antroponimy v lystakh Lesi Ukrainky. Visnyk Zhytomyr. derzh. ped. un-tu, 7, 66\u201368 (in Ukr.).<\/li>\n<li>Kosmeda, T. (2018) Linhvokreatyvnist Lesi Ukrainky v yii ego-tekstakh (na materiali epistoliariiu poetesy (1870\u20131890) ta yii rozdumiv pro lysty v khudozhnikh tekstakh). A. Wo\u017aniak, A. (Ed.) Roczniki Humanistyczne. S\u0142owianoznawstwo. Zeszyt 66\/7 (pp. 89\u2013107.). Lublin (in Ukr.).<\/li>\n<li>Panko, T. (Ed.). Mova i dukhovnist natsii (1992). Kyiv. NMK VO (in Ukr.).<\/li>\n<li>Romanchenko, I. (1948). Mykhailo Drahomanov i Lesia Ukrainka v yikh lystuvanni. Naukovi zapysky, Vol. II, 172\u2013189 (in Ukr.).<\/li>\n<li>Statieieva, V. (1997). Ukrainski pysmennyky pro problemy literaturnoi movy ta movoznavstva kintsia XIX \u2013 pochatku XX st. (na materiali spadshchyny M.Kotsiubynskoho, Lesi Ukrainky, B. Hrinchenka ta in.). Uzhhorod: Spalakh (in Ukr.).<\/li>\n<li>Sviatovets, V. (1981). Epistoliarna spadshchyna Lesi Ukrainky. Kyiv: Vydavnytstvo \u201cVyshcha shkola\u201d pry KDU (in Ukr.).<\/li>\n<li>Tomchuk, L. (2005). Novi aspekty doslidzhennia epistoliariiu Lesi. Filolohichni studii, 3\u20134, 118\u2013123 (in Ukr.).<\/li>\n<li>Yermolenko, S. (1999). \u201e\u2026Tvoia poetesa bula Ukrainkoiu!\u201d (chytaiuchy lysty Lesi Ukrainky). In Yermolenko, S. (1999). Narysy z ukrainskoi slovesnosti stylistyka ta kultura movy) (pp. 155\u2013161). Kyiv: vyd-vo Dovira (in Ukr.).<\/li>\n<\/ol>","protected":false},"excerpt":{"rendered":"<p>Tetyana Kosmeda Information about the author: PhD in Linguistics, professor (Ukraine), titled professor (Poland), Adam Mickiewicz University in Poznan (Poland) e-mail: tkosmeda@gmail.com Title: LESIA UKRAINKA AS A LINGUIST-TERMINOLOGIST (devoted to the 150th anniversary of the writer\u2019s birth) Rubric:\u00a0TERM AND LANGUAGE PRACTICE. PROFESSIONAL LANGUAGE PERSONALITY Language: Ukrainian Abstract: In this scientific investigation we set the task [&hellip;]<\/p>\n","protected":false},"author":1,"featured_media":0,"parent":9038,"menu_order":0,"comment_status":"closed","ping_status":"closed","template":"","meta":[],"_links":{"self":[{"href":"https:\/\/termvisnyk.iul-nasu.org.ua\/en\/wp-json\/wp\/v2\/pages\/9128"}],"collection":[{"href":"https:\/\/termvisnyk.iul-nasu.org.ua\/en\/wp-json\/wp\/v2\/pages"}],"about":[{"href":"https:\/\/termvisnyk.iul-nasu.org.ua\/en\/wp-json\/wp\/v2\/types\/page"}],"author":[{"embeddable":true,"href":"https:\/\/termvisnyk.iul-nasu.org.ua\/en\/wp-json\/wp\/v2\/users\/1"}],"replies":[{"embeddable":true,"href":"https:\/\/termvisnyk.iul-nasu.org.ua\/en\/wp-json\/wp\/v2\/comments?post=9128"}],"version-history":[{"count":3,"href":"https:\/\/termvisnyk.iul-nasu.org.ua\/en\/wp-json\/wp\/v2\/pages\/9128\/revisions"}],"predecessor-version":[{"id":9248,"href":"https:\/\/termvisnyk.iul-nasu.org.ua\/en\/wp-json\/wp\/v2\/pages\/9128\/revisions\/9248"}],"up":[{"embeddable":true,"href":"https:\/\/termvisnyk.iul-nasu.org.ua\/en\/wp-json\/wp\/v2\/pages\/9038"}],"wp:attachment":[{"href":"https:\/\/termvisnyk.iul-nasu.org.ua\/en\/wp-json\/wp\/v2\/media?parent=9128"}],"curies":[{"name":"wp","href":"https:\/\/api.w.org\/{rel}","templated":true}]}}