{"id":9033,"date":"2021-10-21T00:20:32","date_gmt":"2021-10-20T21:20:32","guid":{"rendered":"https:\/\/termvisnyk.iul-nasu.org.ua\/?page_id=9033"},"modified":"2021-10-21T00:23:33","modified_gmt":"2021-10-20T21:23:33","slug":"english-the-correlation-between-the-thematic-group-of-terms-and-the-documents-in-the-bibliographic-database-isybislaw-on-the-problem-of-search-results-relevance","status":"publish","type":"page","link":"https:\/\/termvisnyk.iul-nasu.org.ua\/en\/zbirnyky-naukovyh-prats\/2017-2\/zbirnyk-terminologichnyj-visnyk-vypusk-4\/english-the-correlation-between-the-thematic-group-of-terms-and-the-documents-in-the-bibliographic-database-isybislaw-on-the-problem-of-search-results-relevance.html","title":{"rendered":"The correlation between the thematic group of terms and the documents in the bibliographic database iSybislaw: on the problem of search results relevance"},"content":{"rendered":"<p style=\"text-align: center;\"><strong>Yevgeniya Volkova<\/strong><\/p>\n<p><strong><em>Information about the author<\/em><\/strong>:\u00a0Research Center for Belarusian Culture, Language and Literature of the National Academy of Sciences of Belarus, Researcher<\/p>\n<p><em>e-mail<\/em>: volkava@gmail.com<\/p>\n<p><strong><em>Title<\/em><\/strong>: The Correlation Between the Thematic Group of Terms and the Documents in the Bibliographic Database iSybislaw: On the Problem of Relevance of Search Results<\/p>\n<p><strong><em>Rubric:<\/em><\/strong> Terminography and Practice of Compiling Branch Dictionaries<\/p>\n<p><strong><em>Abstract<\/em><\/strong>: The article deals with the bibliographic database of Slavic linguistics iSybislaw, its search tools and the features which they provide to the user, some problems the user may encounter are being investigated. In addition, the possibilities of using logical operators AND, OR, NOT are shown, and recommendations for the compilation of search expressions are given.<br \/>\nThe data in the iSybislaw database has a linear structure. For example, the general concept of text and the narrower notion of scientific text in the index of keywords hold an equal position. The user cannot navigate through hierarchical levels (for example, text \u2194 written text \u2194 scientific text) to narrow or expand the search. The user must accurately determine the properties that the desired object must possess in advance, and it is also worthwhile to note the properties that the object should not possess. For example, the user is interested in papers which study the linguistic features of scientific texts. We exclude terminology from our search query. Although, it is an integral part of a scientific text, in this case it does not interest us as an immediate object of research. The search query can look like this: naukowy AND (styl OR tekst OR dyskurs OR j\u0119zyk) NOT termin.<br \/>\nA set of keywords for each document has a linear structure too. In the bibliographic records keywords are arranged alphabetically. This does not always allow to determine accurately the relevance of the document for the user&#8217;s tasks.<br \/>\nSince the search in the database can be carried out in different languages (in the future \u2013 in all Slavic languages), the article demonstrates that the language of searching can influence the structure of the search expression and the search results. The results of applying the search expression in Polish and Russian are compared. It was found that differences in the grammatical systems of the Slavic languages make it difficult to create identical search expressions with identical results.<br \/>\nThe number of documents in the database and the list of keywords is constantly growing, and, accordingly, the conditions for finding the necessary information become more complicated. Therefore, it is very important to develop and offer users methods of search optimization to obtain the necessary information.<\/p>\n<p><strong><em>Keywords<\/em><\/strong>: \u00a0iSybislaw, logical operator, thematic group, keyword, <em>search expression<\/em>, relevance<\/p>\n<p><strong>\u00a0<\/strong><strong><em>References:<\/em><\/strong><\/p>\n<ol>\n<li>Ostapczuk, (2007). J\u0119zyk informacyjno-wyszukiwawczy i problem ekwiwalencji s\u0142\u00f3w kluczowych j\u0119zykoznawstwa slawistycznego. <em>Zagadnienia Informacji Naukowej<\/em>, 2, 54\u201363 (in Pol.).<\/li>\n<li>Papcunov\u00e1, (2007). Opracowanie bibliografii czeskiego j\u0119zykoznawstwa: przesz\u0142o\u015b\u0107 i tera\u017aniejszo\u015b\u0107. <em>Zagadnienia Informacji Naukowej<\/em>, 2, 64\u201368 (in Pol.).<\/li>\n<li>Rudnik-Karwatowa,\u00a0Zofia, Banasiak,\u00a0Jakub &amp; Mikos,\u00a0Zenon. (2013). J\u0119zykowe problemy optymalizacji wyszukiwania informacji w systemie iSybislaw<em> Slavia Orientalis<\/em>. Vol.\u00a062, 4, 631\u2013646 (in Pol.).<\/li>\n<li>Bibliograficzna baza danych \u015bwiatowego j\u0119zykoznawstwa slawistycznego <strong>iSybislaw<\/strong><strong>. <\/strong>Retrieved from: http:\u00a0\/\/www.isybislaw.ispan.waw.pl\/<\/li>\n<li>Fastyn,M. (2014). iSybislaw sprzymierze\u0144cem student\u00f3w, doktorant\u00f3w oraz pracownik\u00f3w naukowych <em>Adeptus<\/em>, 4, 104\u2013109 (in Pol.).<\/li>\n<\/ol>","protected":false},"excerpt":{"rendered":"<p>Yevgeniya Volkova Information about the author:\u00a0Research Center for Belarusian Culture, Language and Literature of the National Academy of Sciences of Belarus, Researcher e-mail: volkava@gmail.com Title: The Correlation Between the Thematic Group of Terms and the Documents in the Bibliographic Database iSybislaw: On the Problem of Relevance of Search Results Rubric: Terminography and Practice of Compiling [&hellip;]<\/p>\n","protected":false},"author":1,"featured_media":0,"parent":8611,"menu_order":0,"comment_status":"closed","ping_status":"closed","template":"page-statti.php","meta":{"footnotes":""},"class_list":["post-9033","page","type-page","status-publish","hentry"],"_links":{"self":[{"href":"https:\/\/termvisnyk.iul-nasu.org.ua\/en\/wp-json\/wp\/v2\/pages\/9033","targetHints":{"allow":["GET"]}}],"collection":[{"href":"https:\/\/termvisnyk.iul-nasu.org.ua\/en\/wp-json\/wp\/v2\/pages"}],"about":[{"href":"https:\/\/termvisnyk.iul-nasu.org.ua\/en\/wp-json\/wp\/v2\/types\/page"}],"author":[{"embeddable":true,"href":"https:\/\/termvisnyk.iul-nasu.org.ua\/en\/wp-json\/wp\/v2\/users\/1"}],"replies":[{"embeddable":true,"href":"https:\/\/termvisnyk.iul-nasu.org.ua\/en\/wp-json\/wp\/v2\/comments?post=9033"}],"version-history":[{"count":2,"href":"https:\/\/termvisnyk.iul-nasu.org.ua\/en\/wp-json\/wp\/v2\/pages\/9033\/revisions"}],"predecessor-version":[{"id":9035,"href":"https:\/\/termvisnyk.iul-nasu.org.ua\/en\/wp-json\/wp\/v2\/pages\/9033\/revisions\/9035"}],"up":[{"embeddable":true,"href":"https:\/\/termvisnyk.iul-nasu.org.ua\/en\/wp-json\/wp\/v2\/pages\/8611"}],"wp:attachment":[{"href":"https:\/\/termvisnyk.iul-nasu.org.ua\/en\/wp-json\/wp\/v2\/media?parent=9033"}],"curies":[{"name":"wp","href":"https:\/\/api.w.org\/{rel}","templated":true}]}}