{"id":8808,"date":"2020-03-10T10:06:40","date_gmt":"2020-03-10T08:06:40","guid":{"rendered":"http:\/\/termvisnyk.iul-nasu.org.ua\/?page_id=8808"},"modified":"2020-03-10T10:06:40","modified_gmt":"2020-03-10T08:06:40","slug":"znadib-suchasnogo-leksykografa-istoriya-odniyeyi-nazvy","status":"publish","type":"page","link":"https:\/\/termvisnyk.iul-nasu.org.ua\/en\/zbirnyky-naukovyh-prats\/2019-2\/terminologichnyj-visnyk-5\/znadib-suchasnogo-leksykografa-istoriya-odniyeyi-nazvy.html","title":{"rendered":"Service of modern lexicograph: history of one name"},"content":{"rendered":"<strong>Oksana Tyshchenko<\/strong><\/p>\n<p><strong><em>Information about the author<\/em><\/strong>: Candidate of Philological Sciences, Senior Researcher of Lexicology, Lexicography and Structural and Mathematical Linguistics Department of the Ukrainian Language Institute of NAS of Ukraine;<\/p>\n<p><strong><em>e-mail<\/em><\/strong>: tom-73@ukr.net.<\/p>\n<p><strong><em>Title<\/em><\/strong>: Service of modern lexicograph: history of one name<\/p>\n<p><strong><em>Rubric<\/em><\/strong>: Terminography theory and practice of compiling branch dictionaries<\/p>\n<p><strong><em>Language<\/em><\/strong>: Ukrainian<\/p>\n<p><strong><em>Abstract<\/em><\/strong>: The article examines the history of the name of the Ukrainian academic Lexicon card index and justifies the name \u201clexicographic electronic service\u201d (LES) for the automated workplace of the modern lexicograph. LES is aimed at fulfilling fundamental lexicographic tasks and with development will become an information, reference, research, editing and publishing lexicographic system.<\/p>\n<p><strong><em>Keywords:<\/em><\/strong> lexicography, lexical card index, lexicographic electronic service (LES), card, linguistic source.<\/p>\n<p><strong><em>References<\/em><\/strong><\/p>\n<ol>\n<li><em>Avtorska kukhnia slovnykiv<\/em> [Author\u2019s Dictionaries]. Retrieved from <a href=\"http:\/\/slovnyky.com.ua\/\">http:\/\/slovnyky.com.ua<\/a><\/li>\n<li>Balog,\u00a0V.O. (2005). Suchasnyi stan ukrainskoi kompiuternoi linhvistyky [Current Condition of Ukrainian Computer Linguistics]. <em>Leksykohrafichnyi biuleten <\/em>[Lexicographic Bulletin], 12,28-35. Kyiv (in Ukr.).<\/li>\n<li>Butseva,\u00a0T.N. (2008). Innovaczionnaya leksicheskaya sluzhba russkogo yazyka [Innovative Lexical Service of the Russian Language]. <em>Trudy ILI RAN. <\/em>Vol.\u0406\u0406, Part\u00a03, 99-123 Petersburg (in Rus.).<\/li>\n<li>Butseva,\u00a0T.N. (2013). Neologicheskaya sluzhba russkogo yazyka [Neological Service of the Russian Language]. <em> Leksikografiya. Korpusnaya lingvistika.<\/em> [Lexicology. Lexicography. Corpus linguistics]. (pp.\u00a093-98). St.\u00a0Petersburg (in Rus.).<\/li>\n<li>Viddil ukrainskoi literaturnoi movy: Khronika NDIM<em>.<\/em> [Department of Ukrainian Literary Language: Chronicle]. <em>Movoznavstvo<\/em> [Linguistics]. (1934). Issue\u00a0139\u00a0\u2013\u00a0145 (in Ukr.).<\/li>\n<li><em>Virtualna leksykohrafichna systema MONDILEX<\/em> [Virtual lexicographic system \u00abMONDILEX\u00bb]. Retrieved from http:\/\/kniggaa.blogspot.com\/p\/blog-page.html<\/li>\n<li><em>Visnyk Instytutu Ukrainskoi Naukovoi Movy UAN <\/em>[Bulletin of the Institute of Ukrainian Scientific Language] (1928). Issue\u00a0 Kyiv (in Ukr.).<\/li>\n<li><em>Visnyk Instytutu Ukrainskoi Naukovoi Movy UAN<\/em> [Bulletin of the Institute of Ukrainian Scientific Language] (1930). Issue\u00a02. Kyiv (in Ukr.).<\/li>\n<li>Halas,\u00a0K. (2014). Vazhlyvi vyiavy leksykohrafichnoho dosvidu A.\u00a0Krymskoho [Important Manifestations of the Lexicographic Experience of A.\u00a0Krymsky]. <em>Suchasni problemy movoznavstva ta literaturoznavstva<\/em> [Modern Problems of Linguistics and Literary Criticism], 19, 28-35 (in Ukr.).<\/li>\n<li>Hnatiuk,\u00a0I.S. (2005). <em>Leksychna kartoteka<\/em> [O.\u00a0Potebnia: Lexical Data]. <em>Instytut movoznavstva im.\u00a0O.O.\u00a0Potebni NAN Ukrainy \u2013 75, 1930\u20132005: Materialy do istorii <\/em>[Institute of Linguistics of NAS of Ukraine \u2013 75, 1930\u20132005: Materials to history] (pp.\u00a0329-337). Kyiv (in Ukr.).<\/li>\n<li>Hnatyuk,\u00a0I.S. (2015). Shliakhy formuvannia dzherelnoi bazy tlumachnoi leksykohrafii suchasnoi ukrainskoi literaturnoi movy [Ways of Compiling the Source Base of Explanatory Lexicography of Contemporary Ukrainian]. <em>Leksykohrafichnyi biuleten<\/em> [Lexicographic Bulletin]. Issue 24. (in Ukr.).<\/li>\n<li>Holovashchuk,\u00a0S.I. (1974). <em>Iu.\u00a0Krymskyi yak leksykohraf<\/em> [A.Yu. Krymskyi as a Lexicographer]. <em>A.Iu.\u00a0Krymskyi \u2013 ukrainist i oriientalict<\/em> [A.Yu. Krymskyi <em>\u2013 <\/em>Ukrainianist and Orientalist]. Kyiv (in Ukr.).<\/li>\n<li>Horetskyy,\u00a0P.Y. (1963). <em>Istoriia ukrainskoi leksykohrafii<\/em> [History of Ukrainian Lexicography]. Kyiv (in Ukr.).<\/li>\n<li>Darchuk,\u00a0N.P. (2013). <em>Kompiuterne anotuvannia ukrainskoho tekstu: rezultaty i perspektyvy<\/em> [Computer Annotation of Ukrainian Text: Results and Perspectives]. Kyiv (in Ukr.).<\/li>\n<li>Demska-Kulchytska,\u00a0O.M., Perevozchykova,L., Sichkarenko,\u00a0V.A. (2002). Rozvytok leksychnoi kartoteky ukrainskoi movy [Development of the Lexical Data of the Ukrainian Language].<em> Naukovi zapysky NaUKMA. Kompiuterni nauky<\/em>. [Scientific Notes. Computer Science], 19-20, 40-48 (in Ukr.).<\/li>\n<li>Kuchmarenko\u00a0V.A. (Ed.).(2005). <em>Epistoliarna<\/em> <em>spadshchyna<\/em> <em>Ahatanhela<\/em> <em>Krymskoho<\/em> (1890\u00a0\u2013\u00a01941) [Epistolary heritage of Ahathanhel Krymskyi] (1890\u00a0\u2013\u00a01941). Issue 2, (1918\u00a0\u2013\u00a01941). Kyiv (in Ukr.).<\/li>\n<li>Krymsky, (Ed.). (1925). Z<em>apysky<\/em> <em>istorychno<\/em><em>&#8211;<\/em><em>filolohichnoho<\/em> <em>viddilu<\/em> [Notes of the History and Philology Department]. Issue V (1924\u00a0\u2013\u00a01925). Kyiv: Z drukarni Ukrainskoi Akademii Nauk (in Ukr.).<\/li>\n<li>Krymsky, (Ed.). (1924). Z<em>apysky<\/em> <em>istorychno<\/em><em>&#8211;<\/em><em>filolohichnoho<\/em> <em>viddilu<\/em> [Notes of the History and Philology Department]. Kyiv: Z drukarni Ukrainskoi Akademii Nauk. Issue \u0406V (in Ukr.).<\/li>\n<li>Zaitsev,\u00a0P. (Ed.). (1919). <em>Zapysky<\/em> <em>istorychno<\/em><em>&#8211;<\/em><em>filolohichnoho<\/em> <em>viddilu<\/em> [Researches of Historical and Philological Department]. (Vol. 1). Kyiv: Pechatnia Vydavnychoho Tovarystva <em>Drykar<\/em><em>. <\/em>(in Ukr.).<\/li>\n<li>Verkhraskyi, I. (1877). <em>Znadoby<\/em> <em>do<\/em> <em>slovaria<\/em> <em>yuzhnoruskoho<\/em> [Materials to East Slavic] Lviv, Pechatnia T-va ym. Shevchenka pid zariadom F.\u00a0Sapnytskoho (in Ukr.).<\/li>\n<li>Iliin,\u00a0V.S. (1947). Do pytannia pro ukladannia novoho ukrainsko-rosiiskoho slovnyka [Compiling a new Ukrainian-Russian Dictionary]. <em>Movoznavstvo<\/em> [Linguistics]. (Vol. IV-V). (pp.\u00a0245-256) (in Ukr.).<\/li>\n<li><em>Istoriia Akademii nauk Ukrainy: 1918\u00a0\u2013\u00a01923\u00a0rr. <\/em><em>Dokumenty i materialy<\/em> [History of the Academy of Science of Ukraine:\u00a0 1918\u00a0\u2013\u00a01923. Documents and Materials] (1993). Kyiv: Naukova Dumka (in Ukr.).<\/li>\n<li>Karpilovska,\u00a0Ie.A. (2006). <em>Vstup do prykladnoi linhvistyky: kompiuterna linhvistyka: pidruchnyk <\/em>[Introduction to Applied Linguistics: Computational Linguistics. Donetsk]. Donetsk (in Ukr.).<\/li>\n<li>Karpilovska,\u00a0Ie.A. (2015). Leksychna kartoteka i korpus yak instrumenty leksykohrafichnoho modeliuvannia slova [Lexical File Cabinet and Corpus as Tools for Lexicographic Modeling of Words]. <em>Leksykohrafichnyi biuleten<\/em> [Lexicographic Bulletin], 24, 15-22. Kyiv (in Ukr.).<\/li>\n<li>Kotsiuk,\u00a0L.M. <em>Osnovni polozhennia shchodo diialnosti leksykohrafichnoi laboratorii\u00a0<\/em><em>LEXILAB<\/em> [Main points for the Activity of the Lexicographic Laboratory LEXILAB]. Retrieved from <a href=\"https:\/\/naub.oa.edu.ua\/2012\/osnovni-polozhennya-schodo-diyalnosti-leksykohrafichnoji-laboratoriji-lexilab\/\">https:\/\/naub.oa.edu.ua\/2012\/osnovni-polozhennya-schodo-diyalnosti-leksykohrafichnoji-laboratoriji-lexilab\/<\/a> (in Ukr.).<\/li>\n<li>Levchenko, S.P. (1963). Skarbnytsia natsionalnoi movy [Treasury of the National Language]. <em>Nauka i kultura. Ukraina<\/em> [Science and Culture. Ukraine]. 386-392 (in Ukr.).<\/li>\n<li>Levchenko, S.P. (1968). Ukrainska leksychna kartoteka [Ukrainian Lexical File]. Linguistics. Issue 4. 37-42 (in Ukr.).<\/li>\n<li>Leksykohrafichnyi biuleten [Lexicographic Bulletin]. Issues 1-9, 1951 \u2013 1963. Kyiv (in Ukr.).<\/li>\n<li>Buriachok,\u00a0A.A. (2007). <em>Leksychna kartoteka <\/em>[Lexical File Cabinet]. Ukrainska mova: Entsyklopediia [Ukrainian Language: Encyclopedia]. Kyiv (in Ukr.).<\/li>\n<li><em>Linhvistychnyi portal<\/em> [Linguistic Portal] MOVA. Retrieved from <a href=\"http:\/\/www.mova.info\/\">www.mova.info<\/a>.<\/li>\n<li><em>Movnyi <\/em><em>B<\/em><em>iuleten<\/em> [Language Bulletin] (1936). Kyiv: Partvydav TsKKP(b)U.\u00a0\u21161 (in Ukr.).<\/li>\n<li>Moskalenko,\u00a0A.A.\u00a0 (1961).\u00a0 <em>Narys istorii ukrainskoi leksykohrafii<\/em> [History of Ukrainian Lexicography]. Kyiv (in Ukr.).<\/li>\n<li>Nerovnia, \u00a0N.M. (2004). Do 85-richchia leksychnoi kartoteky [To the 85th Anniversary of the Lexical Filing Cabinet]. <em>Leksykohrafichnyi biuleten<\/em> [Lexicographic Bulletin], 10, 12-18. Kyiv (in Ukr.).<\/li>\n<li>Palamarchuk,\u00a0L.S. (1978). <em>Ukrainska radianska leksykohrafiia <\/em>(pytannia istorii, teorii ta praktyky) [Ukrainian Soviet Lexicography (issues of history, theory and practice)]. Kyiv: Naukova dumka (in Ukr.).<\/li>\n<li>Perebyinis,\u00a0V.I., Sorokin,\u00a0V.M. (2009). <em>Tradytsiina ta kompiuterna leksykohrafiia<\/em> [Traditional and Computer Lexicography]. Kyiv (in Ukr.).<\/li>\n<li>Pylynskyi,\u00a0M.M. (1962). Z istorii rozvytku ukrainskoi leksykohrafii (Deiaki uvahy shchodo dzherel i reiestru \u00abSlovaria ukrainskoi movy\u00bb za redaktsiieiu B.\u00a0Hrinchenka) [From the History of the Development of Ukrainian Lexicography (Some Notes on the Sources and Register of the <em>Ukrainian<\/em> <em>Dictionary<\/em>, edited by B. Hrinchenko)]. <em>Doslidzhennia z movoznavstva<\/em> [Studies in Linguistics]. (pp.\u00a03-30). Kyiv (in Ukr.).<\/li>\n<li>Polyuga,\u00a0L.M. (2003). <em>Struktura i funktsii slovnykovykh statei u leksykonakh riznykh typiv<\/em> [Structure and Functions of Articles in Lexicons of Different Types]. <em>Ukrainska istorychna ta dialektna leksyka <\/em>[Ukrainian Historical and Dialectical Vocabulary], 3, 16-23. Lviv (in Ukr.).<\/li>\n<li><em>Prospekt (instruktsiia) do ukladannia Slovnyka ukrainskoi movy (tlumachnoho) <\/em>[Instruction to the Conclusion of the Dictionary of Ukrainian Language (Explanatory)]. <em>Ukrainska i slovianska tlumachna ta perekladna leksykohrafiia. <\/em>[Ukrainian and Slavic Interpretative and Translated Lexicography]. <em>Leonidovi Sydorovychu Palamarchukovi <\/em>[To Leonid Palamarchuk]. Kyiv, 2013, 447-481.<\/li>\n<li><em>Prospekt tlumachnoho slovnyka ukrainskoi movy <\/em>[Prospectus of the Ukrainian Interpretative Dictionary]. Kyiv (1958). Movoznavstvo [Linguistics], (1967). \u2116 3 (in Ukr.).<\/li>\n<li><em>Rosiisko<\/em><em>&#8211;<\/em><em>ukrainskyi<\/em> <em>akademichnyi<\/em> <em>slovnyk<\/em><em>: <\/em><em>Tom<\/em><em> \u0406 \u2013 \u0406\u0406\u0406. <\/em><em>Kyiv, 1924\u00a0 \u2013 1933\u00a0 <\/em>[Russian-Ukrainian Academic Dictionary: Vol. \u0406 \u2013\u00a0 \u0406\u0406\u0406. Kyiv, 1924\u00a0 \u2013 1933]. Retrieved from http:\/\/r2u.org.ua (accessed: 23\/12\/2018).<\/li>\n<li><em>Slovnyk ukrainskoi movy<\/em> [Ukrainian Language Dictionary]. (1907-1909). Vol. I-IV. Kyiv. Retrieved from http:\/\/r2u.org.ua (accessed: 12\/23\/2018) (in Ukr.).<\/li>\n<li><em>Slovnyk ukrainskoi movy<\/em> [Ukrainian Language Dictionary in 11 volumes]. (1970-1980). Kyiv (in Ukr.).<\/li>\n<li><em>Slovnyk ukrainsko-rosiiskyi<\/em> [Ukrainian-Russian Dictionary]. (1927). Kyiv Retrieved from http:\/\/r2u.org.ua (accessed: 12\/23\/2018).<\/li>\n<li>Tyshchenko,\u00a0O.M. (2016). <em>Arkhivna kartoteka yak leksyko-iliustratyvna baza \u201cRosiisko-ukrainskoho slovnyka\u201d za red. A.Iu.\u00a0Krymskoho ta S.O. 1.\u00a0Leksychna kartoteka: istoriia stvorennia ta represii<\/em> [Archive Files as a Lexical and Illustrative Base of the<em> Russian-Ukrainian Dictionary<\/em>, ed. A.Yu.\u00a0Krymskyi and S.O. Iefremov. I. Lexical Filing: History of Creation and Repression.]. <em>Ukrainska mova <\/em>[Ukrainian Language]. Issue 2. 44-71 (in Ukr.).<\/li>\n<li>Tyshchenko,\u00a0O.M. (2019). <em>Vid Leksychnoi kartoteky do Leksykohrafichnoho elektronnoho znadobu: shliakh stvorennia instrumentariiu suchasnoho leksykohrafa<\/em> [From Lexical Filing Files to Lexicographic Electronic Knowledge: The Way to Create Modern Lexicographer\u2019s Toolkit]. <em>Movoznavstvo<\/em> [Linguistics]. \u21161 (in Ukr.).<\/li>\n<li>Tyshchenko,\u00a0O.M. (2018). <em>Systema \u00abArkhivna kartoteka ukrainskoi movy\u00bb yak doslidnytskyi korpus<\/em> [System <em>Archive Files of the Ukrainian Language<\/em> as a Research Corps]. <em>Tezy I Mizhnarodnoi naukovo-prykladnoi konferentsii \u201cKorpusna linhvistyka: rozroblennia tekhnolohii novoho pokolinnia\u201d<\/em> [Abstracts of the 1st International Scientific Conference <em>Corpus Linguistics: Developing New Generation Technologies<\/em>]. Kyiv (in Ukr.).<\/li>\n<li><em>Ukrainskyi movno-informatsiinyi fond<\/em> [Ukrainian Language Information Foundation]. Retrieved from <a href=\"http:\/\/www.ulif.org.ua\/\">http:\/\/www.ulif.org.ua\/<\/a>.<\/li>\n<li><em>Khronolohiia movnykh podii v Ukraini: zovnishnia istoriia ukrainskoi movy<\/em> [Chronology of Language Events in Ukraine: the External History of the Ukrainian Language]. Retrieved from <a href=\"http:\/\/movahistory.org.ua\/wiki\/30-\u0442\u0456_\u0440\u0440._XX_\u0441\u0442\">http:\/\/movahistory.org.ua\/wiki\/30-\u0442\u0456_\u0440\u0440._XX_\u0441\u0442<\/a>.<\/li>\n<li>Shvedova,\u00a0M., Valdenfels fon R., Yaryhin,\u00a0S., Kruk,\u00a0M., Rysin,\u00a0A., Vozniak,\u00a0M. (2017\u00a0\u2013\u00a02018). Heneralnyi rehionalno anotovanyi korpus ukrainskoi movy (HRAK) [General regionally annotated corps of the Ukrainian language]. Kyiv, Oslo, Yena (in Ukr.).<\/li>\n<li>Wielki s\u0142ownik j\u0119zyka polskiego PAN. Zasady opracowania.\u017bmigrodzki, Piotr (Zest.), Krak\u00f3w, Dost\u0119pny <a href=\"http:\/\/www.wsjp.pl\/index.php?pokaz=zasady&amp;l=1&amp;ind=0\">http:\/\/www.wsjp.pl\/index.php?pokaz=zasady&amp;l=1&amp;ind=0<\/a>.<\/li>\n<\/ol>","protected":false},"excerpt":{"rendered":"<p>Oksana Tyshchenko Information about the author: Candidate of Philological Sciences, Senior Researcher of Lexicology, Lexicography and Structural and Mathematical Linguistics Department of the Ukrainian Language Institute of NAS of Ukraine; e-mail: tom-73@ukr.net. Title: Service of modern lexicograph: history of one name Rubric: Terminography theory and practice of compiling branch dictionaries Language: Ukrainian Abstract: The article [&hellip;]<\/p>\n","protected":false},"author":1,"featured_media":0,"parent":8583,"menu_order":0,"comment_status":"closed","ping_status":"closed","template":"","meta":{"footnotes":""},"class_list":["post-8808","page","type-page","status-publish","hentry"],"_links":{"self":[{"href":"https:\/\/termvisnyk.iul-nasu.org.ua\/en\/wp-json\/wp\/v2\/pages\/8808","targetHints":{"allow":["GET"]}}],"collection":[{"href":"https:\/\/termvisnyk.iul-nasu.org.ua\/en\/wp-json\/wp\/v2\/pages"}],"about":[{"href":"https:\/\/termvisnyk.iul-nasu.org.ua\/en\/wp-json\/wp\/v2\/types\/page"}],"author":[{"embeddable":true,"href":"https:\/\/termvisnyk.iul-nasu.org.ua\/en\/wp-json\/wp\/v2\/users\/1"}],"replies":[{"embeddable":true,"href":"https:\/\/termvisnyk.iul-nasu.org.ua\/en\/wp-json\/wp\/v2\/comments?post=8808"}],"version-history":[{"count":1,"href":"https:\/\/termvisnyk.iul-nasu.org.ua\/en\/wp-json\/wp\/v2\/pages\/8808\/revisions"}],"predecessor-version":[{"id":8809,"href":"https:\/\/termvisnyk.iul-nasu.org.ua\/en\/wp-json\/wp\/v2\/pages\/8808\/revisions\/8809"}],"up":[{"embeddable":true,"href":"https:\/\/termvisnyk.iul-nasu.org.ua\/en\/wp-json\/wp\/v2\/pages\/8583"}],"wp:attachment":[{"href":"https:\/\/termvisnyk.iul-nasu.org.ua\/en\/wp-json\/wp\/v2\/media?parent=8808"}],"curies":[{"name":"wp","href":"https:\/\/api.w.org\/{rel}","templated":true}]}}