{"id":8774,"date":"2020-03-10T09:47:06","date_gmt":"2020-03-10T07:47:06","guid":{"rendered":"http:\/\/termvisnyk.iul-nasu.org.ua\/?page_id=8774"},"modified":"2020-03-10T09:47:06","modified_gmt":"2020-03-10T07:47:06","slug":"pragmatychni-funktsiyi-politologichnyh-kvaziterminiv-i-politychnyh-terminoyidiv","status":"publish","type":"page","link":"https:\/\/termvisnyk.iul-nasu.org.ua\/en\/zbirnyky-naukovyh-prats\/2019-2\/terminologichnyj-visnyk-5\/pragmatychni-funktsiyi-politologichnyh-kvaziterminiv-i-politychnyh-terminoyidiv.html","title":{"rendered":"Pragmatic Functions of Politological Quasiterms and Political Terminoids"},"content":{"rendered":"<strong>Maksym\u00a0Yakovliev<\/strong><\/p>\n<p><strong><em>Information about the author<\/em><\/strong>: Candidate of Political Sciences, Associate Professor of Political Science Department at the National University of \u201cKyiv-Mohyla Academy\u201d; Director of Political Analytics School;<\/p>\n<p><strong><em>e-mail<\/em><\/strong>: yakovlevmv@ukma.edu.ua.<\/p>\n<p><strong><em>Title<\/em><\/strong><strong>: <\/strong>Pragmatic Functions of Politological Quasiterms and Political Terminoids<\/p>\n<p><strong><em>Rubric<\/em><\/strong>: Terminology of Social and Economic Sciences<\/p>\n<p><strong><em>Language<\/em><\/strong>: Ukrainian<\/p>\n<p><strong><em>Abstract<\/em><\/strong>: Ukrainians demonstrate an intense interest in the domestic and foreign policy of their country, as well as in what is going in geopolitical processes. Social and political discourse in Ukraine is highly politicised which results in a great variety of lexical elements found in everyday publications and discussions.<\/p>\n<p>There are many political terminoids, politological quasiterms or quasitermini, political jargonisms, and pseudoterms of political realm that are extensively used both in Ukrainian and international discourse. Examples may vary from a term <em>Trumpism<\/em>, which bears a significant emotional load with pejorative connotations, to a more neutral term <em>Thatcherism<\/em> that became a part of political and economic reference books. Russian military aggression against Ukraine brought a new meaning to the terms <em>Putinism<\/em>, that resembles the term <em>Hitlerism<\/em>, as well as <em>Rushism<\/em> \u2013 a combination of Russia and fascism, which denotes an imperialist, chauvinist, aggressive, militant foreign policy of Russia, especially to its close neighbours. Different terms like that constitute a vibrant interdisciplinary field that is not paid sufficient attention to.<\/p>\n<p>This article suggests approaching analysis of pragmatics functions of these lexical elements by analysing their role in more general course of terminologisation of political and social discourse. A number of different examples of such lexemes are listed and their use is commented by placing them into a broader context of lexicological studies. In the English language tradition such lexemes are studies within the discipline of language for special purposes, in this case \u2013 the language of politics. The German terminological tradition speaks of Fachjargonismen and Halbtermini, the latter may be regarded as a sort of an equivalent to the concept of quasiterms used in our terminological studies. Some examples of pejorative and metaphorical lexical elements used in political discussions are also described and commented briefly, like the terms <em>Porokhobot<\/em> as an example of a pejorative terms used to describe those who support the president of Ukraine Mr. Poroshenko and his politics, or the terms related to the revolutionary events in Ukraine in 2014 \u2013 <em>Euromaidan<\/em> \u2013 a term widely used outside of Ukraine, together with the term <em>Leninopad<\/em> to describe the removal of the monuments of Lenin as a part of the policy of de-communisation. It is claimed that this terminology allows broader public to participate in political discussions since it simplifies the discourse but also sets some terms of reference for placing opponents and proponents of certain political actors, ideologies, or parties according to lexical delimitation lines.<\/p>\n<p>In the European Union those who criticize the policies of the Union and see a threat in the increased German influence go as far as to suggest a term <em>Merkelreich<\/em> to combine the name of the German Chancellor Angela Merkel and the German word <em>Reich <\/em>to imply a rather brutal reference to the <em>Third Reich<\/em>. On the other hand, such a term provides a great simplification to the discussion about the nature of political processes within the European Union. By comparing Germany\u2019s economic potential in the common market to the imperialistic ambitions it also sets discursive boundaries for a certain type of political debate. It is also stated that such lexical elements can indicate a shift in political and social developments since such pseudoterms have potential to transform into full-fledged political science terms in the future. It might be the case the militant and aggressive foreign policy of today\u2019s Russia would one day named<em> Putinism<\/em> and become part of university textbooks in politics. As it is almost impossible to predict the future of a particular quasiterm, it is suggested that the current process of nomination of terms within the socio-political discourse should be studied with a particular attention.<\/p>\n<p>Some discursive practices may reveal the mechanisms behind the logic of how certain terms are used. For example, a political expert or a political scientist would hesitate to use a terminoid with pejorative connotations in official lecture or in a peer-reviewed article, but he or she can use it in an emotionally heated discussion or, with some reservations, even on a TV-show. These terms are all around and the ways and rules of their application should be paid more attention to. The article concludes that these elements should be researched from an interdisciplinary perspective.<\/p>\n<p><strong><em>\u041a<\/em><\/strong><strong><em>eywords<\/em><\/strong><strong><em>:<\/em><\/strong> terminology studies, political science LSP, political science, terminology, quasiterms, terminoids.<\/p>\n<p><strong><em>References<\/em><\/strong><\/p>\n<ol>\n<li>Alekseeva, L.M. (1998). <em>Termin i metafora <\/em>[Term and Metaphor]. Perm\u2019: Izd-vo Perm. un-ta (in Rus.).<\/li>\n<li>Barnych, I.I. (2018). Poniattia \u201cfakhova mova\u201d ta \u201cterminolohiia\u201d v nimetskii i ukrainskii movakh [Concepts \u201cProfessional Language\u201d and \u201cTerminology\u201d in Ukrainian and German]. <em>Lvivskyi filolohichnyi chasopys<\/em> [Lviv Philological Journal], 3, 16-19 (in Ukr.).<\/li>\n<li>Golovanova, E.I. (2011). <em>Vvedenie v kognitivnoe terminovedenie<\/em> [Introduction to Cognitive Terminology]. Moscow: Nauka (in Rus.).<\/li>\n<li>Dzhasim, Mun Aref, Pozdnyakova, A.A. Semantika kvaziterminov i terminologicheskih sochetanij perioda \u201cvynuzhdennoj kommunikacii\u201d (na materiale irakskogo dialekta arabskogo jazyka) [Semantics of Quasiterms and Terminological Combinations of the Period of \u201cForced Communication\u201d]. <em>Prepodavatel XXI Veka <\/em>[Teacher of the 21<sup>st<\/sup> Century], 1, 296-302. Retrieved from <a href=\"https:\/\/cyberleninka.ru\/article\/n\/semantika-kvaziterminov-i-terminologicheskih-sochetaniy-perioda-vynuzhdennoy-kommunikatsii\/viewer\">https:\/\/cyberleninka.ru\/article\/n\/semantika-kvaziterminov-i-terminologicheskih-sochetaniy-perioda-vynuzhdennoy-kommunikatsii\/viewer<\/a> (in Rus.).<\/li>\n<li>Diakov, A.S., Kyiak, T.R., Kudelko, Z.B. (2000). <em>Osnovy terminotvorennia. Semantychni ta sotsiolinhvistychni aspekty<\/em> [Basics of Term Formation: Semantic and Sociolinguistic Aspects]. Kyiv: Publishing House \u201cAcademia\u201d (in Ukr.).<\/li>\n<li><em>Informatsiine povidomlennia pro rezultaty opytuvannia \u201cLevada-Tsentru\u201d <\/em>[Information Report on the Results of the Levada-Center Poll]. Retrieved from <a href=\"http:\/\/www.levada.ru\/2017\/06\/26\/vydayushhiesya-lyudi\/\">http:\/\/www.levada.ru\/2017\/06\/26\/vydayushhiesya-lyudi\/<\/a> (in Ukr.).<\/li>\n<li>Masenko, L.T. (2017). <em>Mova radianskoho totalitaryzmu<\/em> [Language of Soviet Totalitarianism]. Kyiv: KLIO (in Ukr.).<\/li>\n<li>Mykhailovych-Hetto, O.P. (2007). Konotatsiia kvazitermina v reklamnomu teksti: spivvidnoshennia indyvidualnoho ta kolektyvnoho [Quasiterm Connotation in the Texts of Advertisements]. V<em>isnyk SumDU. Seriia \u201cFilolohiia\u201d<\/em> [Bulletin of Sumy State University. Series: Philology], \u2116\u00a01 (Vol.\u00a01),\u00a0156-160 (in Ukr.).<\/li>\n<li>Prodan, Yu.P. (2013). Poniattia \u201ctermin-frazema\u201d u linhvistytsi [Notion \u201cTerm-Phraseme\u201d in Linguistics]. <em>Terminolohichnyi Visnyk<\/em> [Terminolohichnyi Visnyk], 2(1), 116-121 (in Ukr.).<\/li>\n<li>Stasiuk, T.V. (2013). Novi tendentsii rozvytku terminoznavstva: zdobutky mizhnarodnoi naukovoi hrupy R. Temmerman [New Tendencies Of Terminology Development: Achivements of the International Research Group Led by Rita Temmerman]. <em>Terminolohichnyi Visnyk<\/em> [Terminolohichnyi Visnyk], 2(1), 38-49 (in Ukr.).<\/li>\n<li>Fel\u2019de, O.V. (Ed.) (2014). <em>Terminovedenie i terminografija russkogo jazyka: uchebno-metodicheskoe posobie dlja samostojatel\u2019noj raboty<\/em> [Terminology and Terminography of Russian Language]. Krasnojarsk: Sib. feder. un-t. Retrieved from <a href=\"http:\/\/elib.sfu-kras.ru\/handle\/2311\/64649\">http:\/\/elib.sfu-kras.ru\/handle\/2311\/64649<\/a><\/li>\n<li>Gouadec,\u00a0D. (1990). Terminologie. Constitution des donn\u00e9es. Paris: AFNOR (in French).<\/li>\n<li>Molitor,\u00a0E. (2004). <em>Message \u00e9lectronique oder E-Mail? <\/em><em>Einstellungen frankophoner Informatikerinnen und Informatiker zu offiziellen Ersatzw\u00f6rtern f\u00fcr Ersatzw\u00f6rtern f\u00fcr die Fachsprache des Internets und zur Sprachpolitik: eine WWW<\/em>&#8211; G\u00f6ttingen: Universit\u00e4tsdrucke (in French).<\/li>\n<\/ol>\n<p>Tsvetkov,\u00a0Y. (2016). <em>Atlas of Prejudice. The Complete Stereotype Map Collection<\/em>. Alphadesigner (in Eng.).","protected":false},"excerpt":{"rendered":"<p>Maksym\u00a0Yakovliev Information about the author: Candidate of Political Sciences, Associate Professor of Political Science Department at the National University of \u201cKyiv-Mohyla Academy\u201d; Director of Political Analytics School; e-mail: yakovlevmv@ukma.edu.ua. Title: Pragmatic Functions of Politological Quasiterms and Political Terminoids Rubric: Terminology of Social and Economic Sciences Language: Ukrainian Abstract: Ukrainians demonstrate an intense interest in the [&hellip;]<\/p>\n","protected":false},"author":1,"featured_media":0,"parent":8583,"menu_order":0,"comment_status":"closed","ping_status":"closed","template":"","meta":{"footnotes":""},"class_list":["post-8774","page","type-page","status-publish","hentry"],"_links":{"self":[{"href":"https:\/\/termvisnyk.iul-nasu.org.ua\/en\/wp-json\/wp\/v2\/pages\/8774","targetHints":{"allow":["GET"]}}],"collection":[{"href":"https:\/\/termvisnyk.iul-nasu.org.ua\/en\/wp-json\/wp\/v2\/pages"}],"about":[{"href":"https:\/\/termvisnyk.iul-nasu.org.ua\/en\/wp-json\/wp\/v2\/types\/page"}],"author":[{"embeddable":true,"href":"https:\/\/termvisnyk.iul-nasu.org.ua\/en\/wp-json\/wp\/v2\/users\/1"}],"replies":[{"embeddable":true,"href":"https:\/\/termvisnyk.iul-nasu.org.ua\/en\/wp-json\/wp\/v2\/comments?post=8774"}],"version-history":[{"count":1,"href":"https:\/\/termvisnyk.iul-nasu.org.ua\/en\/wp-json\/wp\/v2\/pages\/8774\/revisions"}],"predecessor-version":[{"id":8775,"href":"https:\/\/termvisnyk.iul-nasu.org.ua\/en\/wp-json\/wp\/v2\/pages\/8774\/revisions\/8775"}],"up":[{"embeddable":true,"href":"https:\/\/termvisnyk.iul-nasu.org.ua\/en\/wp-json\/wp\/v2\/pages\/8583"}],"wp:attachment":[{"href":"https:\/\/termvisnyk.iul-nasu.org.ua\/en\/wp-json\/wp\/v2\/media?parent=8774"}],"curies":[{"name":"wp","href":"https:\/\/api.w.org\/{rel}","templated":true}]}}