{"id":8748,"date":"2020-03-10T09:32:16","date_gmt":"2020-03-10T07:32:16","guid":{"rendered":"http:\/\/termvisnyk.iul-nasu.org.ua\/?page_id=8748"},"modified":"2020-03-10T09:32:16","modified_gmt":"2020-03-10T07:32:16","slug":"information-retrieval-system-isybislaw-and-a-synergic-effect-some-reflections-on-terminology-and-a-language-of-keywords-from-the-linguistic-perspective","status":"publish","type":"page","link":"https:\/\/termvisnyk.iul-nasu.org.ua\/en\/zbirnyky-naukovyh-prats\/2019-2\/terminologichnyj-visnyk-5\/information-retrieval-system-isybislaw-and-a-synergic-effect-some-reflections-on-terminology-and-a-language-of-keywords-from-the-linguistic-perspective.html","title":{"rendered":"Information Retrieval System iSybislaw and a Synergic Effect: Some Reflections on Terminology and a Language of Keywords from the Linguistic Perspective"},"content":{"rendered":"<ol>\n<li><strong> Kowalski<\/strong><\/li>\n<\/ol>\n<p><strong><em>Information about the author<\/em><\/strong>: doctor of humanities, Institute of Slavic Studies of the Polish Academy of Science<\/p>\n<p><strong><em>e-mail<\/em><\/strong>: kowalion@wp.pl<\/p>\n<p><strong><em>Title<\/em><\/strong>: Information Retrieval System iSybislaw and a Synergic Effect: Some Reflections on Terminology and a Language of Keywords from the Linguistic Perspective<\/p>\n<p><strong><em>Rubric<\/em><\/strong>: Terminology of Linguistic and Related Sciences<\/p>\n<p><strong><em>Language<\/em><\/strong>: Ukrainian<\/p>\n<p><strong><em>Abstract<\/em><\/strong>:\u00a0Digitization of academic discourse causes changes that influence the work of researchers and flow of information in the scientific community. One can observe strong globalization and internationalization processes in the current terminological system wordlwide. The need to index the emerging works in the bibliographic databases, which have the goal to provide the necessary information for their users and to preserve the reflection of science and culture for future generations, does not disappear. This means that indexers are forced to skillfully maneuver between the quality and the amount of information provided. The paper presents some thougts on including and combining the international and native terms in the classes of equivalence in the iSybislaw system. To provide a complete and relevant information retrieval they both should be considered as an accesses point to the knowledge offered by the system.<\/p>\n<p><em>Keywords<\/em>:\u00a0information science, information retrieval systems, linguistic globalization, linguistic terminology, Slavic studies.<\/p>\n<p><strong><em>References<\/em><\/strong><\/p>\n<ol>\n<li>Banasiak,\u00a0J. (2017). Procesy nominalizacyjne w tekstach j\u0119zykoznawczych na materiale j\u0119zyka polskiego i bu\u0142garskiego. In Rudnik-Karwatowa,\u00a0Z. (Red.). <em>Dynamika wsp\u00f3\u0142czesnego s\u0142ownictwa s\u0142owia\u0144skiego w przestrzeni stylowo-funkcjonalnej<\/em>. Warszawa: Instytut Slawistyki PAN, (s.\u00a0157-176).<\/li>\n<li>Banasiak,\u00a0J. (2014). Synonymy and search synonymy in an IR system (on the basis of linguistic terminology and the iSybislaw system). <em>Studia z Filologii Polskiej i S\u0142owia\u0144skiej<\/em>, 49, 176-187. Retrieved from https:\/\/ispan.waw.pl\/journals\/index.php\/sfps\/article\/view\/sfps.2014.017\/543<\/li>\n<li>Buttler,\u00a0D. (1979). O wzajemnym oddzia\u0142ywaniu terminologii i s\u0142ownictwa og\u00f3lnego. <em>Poradnik J\u0119zykowy<\/em>, 2, 58-66.<\/li>\n<li>Cambridge Dictionary online. Retrieved from www.dictionary.cambridge.org.<\/li>\n<li>Karpilovska,\u00a0Ie.A. (2016). Varianty terminiv movoznavstva v suchasnii naukovo-osvitnii praktytsi i v chasovii perspektyvi [Variants of Linguistic Terms in Modern Scientific and Educational Practice and from a Temporal Perspective]. In Rudnik-Karwatowa (Red.), <em>Dynamika wsp\u00f3\u0142czesnego s\u0142ownictwa s\u0142owia\u0144skiego w przestrzeni stylowo-funkcjonalnej<\/em>. Warszawa: Instytut Slawistyki PAN. (pp.\u00a09-26).<\/li>\n<li>Karpilovska,\u00a0Ie.A. (2018). Perspektyvy rozvytku ukrainskoho modulia v skladi informatsiino-poshukovoi systemy iSybislaw [Perspectives for the Development of the Ukrainian Module of the iSybislaw Information Retrieval System]. In Kowalski,\u00a0P. (Red.). <em>Z zagadnie\u0144 informacji naukowej, terminoznawstwa i j\u0119zykoznawstwa. <\/em>Warszawa: Instytut Slawistyki PAN. (149-164).<\/li>\n<li>Kowalski,\u00a0P., Fastyn,\u00a0M., Banasiak,\u00a0J. (2018). <em>Wykorzystanie zasob\u00f3w bibliograficznych przez instytucje kultury czy ich integracja (na przyk\u0142adzie systemu iSybislaw). <\/em>\u201cArchiwa \u2013 Kancelarie \u2013 Zbiory\u201d. R.11, nr 9, s. 96-108.<\/li>\n<li>Kowalski,\u00a0P. (2016), Synonimia w polskiej i s\u0142owe\u0144skiej terminologii j\u0119zykoznawczej. In Kr\u017ei\u0161nik E., Hladnik M. (Red.). <em>Topori\u0161i\u010deva Obdobja<\/em>. Ljubljana: Filozofska Fakulteta. (s. 99-106).<\/li>\n<li>Kysliuk,\u00a0L. (2018). Rozbudova paradyhmatyky linhvistychnoi terminolohii v informatsiino-poshukovii systemi iSybislaw: pohliad korystuvacha [Developing of the Paradigm of Linguistic Terminology in the iSybislaw Information Retrieval System: Te User\u2019s Perspective]. In: Kowalski,\u00a0P. (Red.), Z zagadnie\u0144 informacji naukowej, terminoznawstwa i j\u0119zykoznawstwa. Warszawa: Instytut Slawistyki PAN, s. 181-190.<\/li>\n<li>Mazurkiewicz-Su\u0142kowska,\u00a0 J. (2014). <em>S\u0142owia\u0144ska terminologia techniczna (na materiale polskim, rosyjskim i bu\u0142garskim)<\/em>. \u0141\u00f3d\u017a: Wydawnictwo Uniwersytetu \u0141\u00f3dzkiego.<\/li>\n<li>Ohnheiser,\u00a0I. (2003). <em>Komparacja wsp\u00f3\u0142czesnych j\u0119zyk\u00f3w s\u0142owia\u0144skich. S\u0142owotw\u00f3rstwo, nominacja<\/em>. Opole: Wydawnictwo Uniwersytetu Opolskiego.<\/li>\n<li>Romaniuk,\u00a0J. (2018). Kryterii doboru kliuchovoho slova: pozytsiia avtora vs. Pozytsiia korystuvacha [The Criteria for Selecting Keywords: The Author\u2019s vs the User\u2019s Position]. In Kowalski,\u00a0P. (Red.). <em>Z zagadnie\u0144 informacji naukowej, terminoznawstwa i j\u0119zykoznawstwa<\/em>. Warszawa: Instytut Slawistyki PAN. (s. 263-274).<\/li>\n<li>Rudnik-Karwatowa,\u00a0Z. (2012). Rola s\u0142owotw\u00f3rstwa w s\u0142owia\u0144skiej terminologii j\u0119zykoznawczej (na materiale j\u0119zyka polskiego, czeskiego i rosyjskiego). (pp. 311-318).<\/li>\n<li>Rudnik-Karwatowa,Z. (2016). Uporiadkuvannia terminolohii dlia potreb informatsiino-poshukovoi systemy iSybislaw [Terminology Arrangement for Information Retrieval Needs in iSybislaw System]. <em>Ukrainska mova <\/em>[Ukrainian Language], 3, 105-117.<\/li>\n<li>Sager,\u00a0J.C. (1990). <em>A practical course in terminology processing. <\/em>Amsterdam: John Benjamins.<\/li>\n<li>Sorokina,\u00a0E.A. (2018). Osobennosti proyavleniya sinonimii v lingvisticheskoj terminologii [Characteristic Features of Synonymy in Linguistic Terminology]. In. Kowalski,\u00a0P. (Red.). <em>Z zagadnie\u0144 informacji naukowej<\/em>. Warszawa: Instytut Slawistyki PAN, s. 305-320.<\/li>\n<li>Sorokina,\u00a0E.A. (2017). Formirovanie teorii yazyka dlya specialnyh celej [The Formation of the Theory of Languages for Special Purposes]. In Piper P., Jovanovi\u0107 V. (Red.). <em>Slovenska terminologija danas<\/em>. (pp.\u00a029-40).Beograd: Institut za srpski jezik SANU.<\/li>\n<li>Sitarski,\u00a0J. (1991). Internacjonalizacja w zakresie polskiej i rosyjskiej terminologii j\u0119zykoznawczej. <em>Studia Rossica Posnaniensia<\/em>, 22, 171-177.<\/li>\n<li>Stramlji\u010d Breznik,\u00a0I. (2009). Hibridizacija novej\u0161ih slovenskih tvorjenk. In Koriakowcewa,\u00a0E. (Ed.). <em>Przejawy internacjonalizacji w j\u0119zykach s\u0142owia\u0144skich<\/em>. Siedlce: Wydawnictwo Akademii Podlaskiej. (pp.\u00a0165-178).<\/li>\n<li>Taran,\u00a0A. (2018). Dynamika movy v dzherelakh i kliuchovykh slovakh informatsiino-poshukovoi systemy iSybislaw [The Dynamics of Language in Source Texts and Keywords in the iSybislaw System]. In: Kowalski,\u00a0P. (Red.). <em>Z zagadnie\u0144 informacji naukowej, terminoznawstwa i j\u0119zykoznawstwa<\/em>. Warszawa: Instytut Slawistyki PAN. (pp.\u00a0321-333).<\/li>\n<li>Topoli\u0144ska,\u00a0Z. (2010). Patrz\u0105c przez cudze okulary (infinitivus ~ subiunctivus). <em>Slavia Meridionalis<\/em>, 10, 299-305.<\/li>\n<li>Waszakowa,\u00a0K. (2009). Internacjonalizacja polskiej leksyki \u2013 stan obecny, prognozy na najbli\u017csz\u0105 przysz\u0142o\u015b\u0107. In Koriakowcewa,\u00a0E. (Red.). <em>Przejawy internacjonalizacji j\u0119zyk\u00f3w s\u0142owia\u0144skich<\/em>. (s.\u00a011-28). Siedlce: Wydawnictwo Akademii Podlaskiej.<\/li>\n<li>\u017dele,\u00a0A. (2009). Pomenotvorne zmo\u017enosti z vidika \/de\/terminologizacije (v sloven\u0161\u010dini). In Ledinek,\u00a0N., \u017dagar Karer,\u00a0M., Humar,\u00a0M. (Red.). <em>Terminologija in sodobna terminografija<\/em>. (s. 125-139). Ljubljana: Zalo\u017eba ZRC.<\/li>\n<\/ol>","protected":false},"excerpt":{"rendered":"<p>Kowalski Information about the author: doctor of humanities, Institute of Slavic Studies of the Polish Academy of Science e-mail: kowalion@wp.pl Title: Information Retrieval System iSybislaw and a Synergic Effect: Some Reflections on Terminology and a Language of Keywords from the Linguistic Perspective Rubric: Terminology of Linguistic and Related Sciences Language: Ukrainian Abstract:\u00a0Digitization of academic discourse [&hellip;]<\/p>\n","protected":false},"author":1,"featured_media":0,"parent":8583,"menu_order":0,"comment_status":"closed","ping_status":"closed","template":"","meta":[],"_links":{"self":[{"href":"https:\/\/termvisnyk.iul-nasu.org.ua\/en\/wp-json\/wp\/v2\/pages\/8748"}],"collection":[{"href":"https:\/\/termvisnyk.iul-nasu.org.ua\/en\/wp-json\/wp\/v2\/pages"}],"about":[{"href":"https:\/\/termvisnyk.iul-nasu.org.ua\/en\/wp-json\/wp\/v2\/types\/page"}],"author":[{"embeddable":true,"href":"https:\/\/termvisnyk.iul-nasu.org.ua\/en\/wp-json\/wp\/v2\/users\/1"}],"replies":[{"embeddable":true,"href":"https:\/\/termvisnyk.iul-nasu.org.ua\/en\/wp-json\/wp\/v2\/comments?post=8748"}],"version-history":[{"count":1,"href":"https:\/\/termvisnyk.iul-nasu.org.ua\/en\/wp-json\/wp\/v2\/pages\/8748\/revisions"}],"predecessor-version":[{"id":8749,"href":"https:\/\/termvisnyk.iul-nasu.org.ua\/en\/wp-json\/wp\/v2\/pages\/8748\/revisions\/8749"}],"up":[{"embeddable":true,"href":"https:\/\/termvisnyk.iul-nasu.org.ua\/en\/wp-json\/wp\/v2\/pages\/8583"}],"wp:attachment":[{"href":"https:\/\/termvisnyk.iul-nasu.org.ua\/en\/wp-json\/wp\/v2\/media?parent=8748"}],"curies":[{"name":"wp","href":"https:\/\/api.w.org\/{rel}","templated":true}]}}