{"id":8746,"date":"2020-03-10T09:30:50","date_gmt":"2020-03-10T07:30:50","guid":{"rendered":"http:\/\/termvisnyk.iul-nasu.org.ua\/?page_id=8746"},"modified":"2020-03-10T09:30:50","modified_gmt":"2020-03-10T07:30:50","slug":"the-polish-school-of-semantic-grammar-polish-semantic-grammar-circle","status":"publish","type":"page","link":"https:\/\/termvisnyk.iul-nasu.org.ua\/en\/zbirnyky-naukovyh-prats\/2019-2\/terminologichnyj-visnyk-5\/the-polish-school-of-semantic-grammar-polish-semantic-grammar-circle.html","title":{"rendered":"Polish School of Semantic Grammar (Polish Semantic Grammar Circle)"},"content":{"rendered":"<strong>J. Banasiak<\/strong><\/p>\n<p><strong><em>Information about the author<\/em><\/strong>: Doctor of humanities, Institute of Slavic Studies of the Polish Academy of Science<\/p>\n<p><strong><em>e-mail<\/em><\/strong>: jakubbanasiak@02.pl.<\/p>\n<p><strong><em>Title<\/em><\/strong>: Polish School of Semantic Grammar (Polish Semantic Grammar Circle)<\/p>\n<p><strong><em>Rubric<\/em><\/strong>: Terminology of Linguistic and Related Sciences<\/p>\n<p><strong><em>Language<\/em><\/strong>: Ukrainian<\/p>\n<p><strong><em>Abstract<\/em><\/strong>:\u00a0This paper is an early excerpt from a knowledge base being prepared by the author. It presents basic information about the Polish semantic grammar circle. This school of thought can be traced as far back as the 1970s and remains active till present day. Only major names, works and controversies are briefly discussed. The paper should be treated as an introduction to modern Polish semantics and contrastive (confrontative) studies of Slavic languages.<\/p>\n<p><em>Keywords<\/em>:\u00a0history of linguistics, Poland, Bibliography, The Polish semantic grammar circle, Slavic languages, syntax, semantics, theory of language, philosophy of language, contrastive study, semantic interlanguage, semantic syntax.<\/p>\n<p><strong><em>References<\/em><\/strong><\/p>\n<ol>\n<li>Andrea Borghini. <em>The Philosophical Theories of Nominalism and Realism. <\/em>Retrieved from <a href=\"https:\/\/www.thoughtco.com\/nominalism-vs-realism-2670598\">https:\/\/www.thoughtco.com\/nominalism-vs-realism-2670598<\/a> (in Eng.).<\/li>\n<li>Bobrowski,I. (2005). <em>O wsp\u00f3\u0142istnieniu odmiennych dyskurs\u00f3w lingwistycznych <\/em>[On the Coexistence of Different Linguistic Discourses]. <em>Polonica<\/em>, 5\u201319 (in Pol.).<\/li>\n<li>Bogus\u0142awski,\u00a0A. (2003). A note on Apresjan\u2019s concept of Polish school of semantics: with an appendix. <em>Lingua Posnaniensis: Czasopismo Po\u015bwi\u0119cone J\u0119zykoznawstwu Por\u00f3wnawczemu i Og\u00f3lnemu<\/em> [Review of General and Comparative Linguistics], 79-81.<\/li>\n<li>Grochowski, M. (2016). <em>\u201cO przysz\u0142o\u015bci sk\u0142adni j\u0119zyka polskiego<\/em>\u201d Retrieved from: https:\/\/www.youtube.com\/watch?v=e8TwPpU9r9A<\/li>\n<li>Karolak,\u00a0S. (2001). <em>Od semantyki do gramatyki: wyb\u00f3r rozpraw <\/em>[From semantics to grammar: a selection of dissertations]. Warszawa: Slawistyczny O\u015brodek Wydawniczy.<\/li>\n<li>Karolak Stanis\u0142aw (1993). <em>Czy istniej\u0105 przypadki g\u0142\u0119bokie w semantycznym systemie j\u0119zyka?<\/em>: wok\u00f3\u0142 \u201cThe Case for Case\u201d Fillmore\u2019a. \u2013 Warszawa, 1993 \u2013 iSybislaw. (n.d.). Retrieved from http:\/\/www.isybislaw.ispan.waw.pl\/ShowDocument.do?documentId=482483<\/li>\n<li>Korytkowska,\u00a0M. (1993). <em>Typy pozycji predykatowo-argumentowych <\/em>[Types of Positions Predicate-Argument Structures]. Warszawa: Omnitech Press (in Pol.).<\/li>\n<li>Mazurkiewicz-Su\u0142kowska,\u00a0J. (2008). <em>Wyra\u017canie kategorii inchoatywno\u015bci w j\u0119zykach polskim, bu\u0142garskim i bia\u0142oruskim <\/em>[Expressing the Category of Inchoativity in Polish, Bulgarian and Belarusian]. \u0141\u00f3d\u017a: Drukarnia Cyfrowa i Wydawnictwo \u201cPiktor\u201d<\/li>\n<li><em>Meaning-text theory.<\/em> (2019). Retrieved from https:\/\/en.wikipedia.org\/w\/index.php?title=Meaning-text_theory&amp;oldid=883618791<\/li>\n<li>Przepi\u00f3rkowski,\u00a0A. (2017). On the argument-adjunct distinction in the Polish \u201cSemantic Syntax\u201d tradition. Cognitive Studies | \u00c9tudes Cognitives, 2017(17). https:\/\/doi.org\/10.11649\/cs.1344<\/li>\n<li>Urba\u0144czyk, S., Grochowski, M., Karolak, S., &amp; Topoli\u0144ska, Z. (Eds.). (1984). <em>Gramatyka wsp\u00f3\u0142czesnego j\u0119zyka polskiego: sk\u0142adnia-morfologia-fonologia<\/em> [Grammar of the Modern Polish Language: Syntax-Morphology-Phonology]. Warszawa: Pa\u0144st. Wydaw. Naukowe.<\/li>\n<li>Wierzbicka,\u00a0A. (1996). Semantics\u202f: Primes and Universals: Primes and Universals. Oxford: Oxford University Press (in Eng.).<\/li>\n<\/ol>\n<p>Wole\u0144ski,\u00a0J. (2019). Lvov-Warsaw School. In E.\u00a0N.\u00a0Zalta (Ed.). <em>The Stanford Encyclopaedia of Philosophy<\/em> (Spring 2019). Retrieved from https:\/\/plato.stanford.edu\/archives\/spr2019\/entries\/lvov-warsaw\/","protected":false},"excerpt":{"rendered":"<p>J. Banasiak Information about the author: Doctor of humanities, Institute of Slavic Studies of the Polish Academy of Science e-mail: jakubbanasiak@02.pl. Title: Polish School of Semantic Grammar (Polish Semantic Grammar Circle) Rubric: Terminology of Linguistic and Related Sciences Language: Ukrainian Abstract:\u00a0This paper is an early excerpt from a knowledge base being prepared by the author. [&hellip;]<\/p>\n","protected":false},"author":1,"featured_media":0,"parent":8583,"menu_order":0,"comment_status":"closed","ping_status":"closed","template":"","meta":[],"_links":{"self":[{"href":"https:\/\/termvisnyk.iul-nasu.org.ua\/en\/wp-json\/wp\/v2\/pages\/8746"}],"collection":[{"href":"https:\/\/termvisnyk.iul-nasu.org.ua\/en\/wp-json\/wp\/v2\/pages"}],"about":[{"href":"https:\/\/termvisnyk.iul-nasu.org.ua\/en\/wp-json\/wp\/v2\/types\/page"}],"author":[{"embeddable":true,"href":"https:\/\/termvisnyk.iul-nasu.org.ua\/en\/wp-json\/wp\/v2\/users\/1"}],"replies":[{"embeddable":true,"href":"https:\/\/termvisnyk.iul-nasu.org.ua\/en\/wp-json\/wp\/v2\/comments?post=8746"}],"version-history":[{"count":1,"href":"https:\/\/termvisnyk.iul-nasu.org.ua\/en\/wp-json\/wp\/v2\/pages\/8746\/revisions"}],"predecessor-version":[{"id":8747,"href":"https:\/\/termvisnyk.iul-nasu.org.ua\/en\/wp-json\/wp\/v2\/pages\/8746\/revisions\/8747"}],"up":[{"embeddable":true,"href":"https:\/\/termvisnyk.iul-nasu.org.ua\/en\/wp-json\/wp\/v2\/pages\/8583"}],"wp:attachment":[{"href":"https:\/\/termvisnyk.iul-nasu.org.ua\/en\/wp-json\/wp\/v2\/media?parent=8746"}],"curies":[{"name":"wp","href":"https:\/\/api.w.org\/{rel}","templated":true}]}}