{"id":8740,"date":"2020-03-10T09:27:37","date_gmt":"2020-03-10T07:27:37","guid":{"rendered":"http:\/\/termvisnyk.iul-nasu.org.ua\/?page_id=8740"},"modified":"2020-03-10T09:27:37","modified_gmt":"2020-03-10T07:27:37","slug":"semantychni-vidnoshennya-mizh-terminamy-u-movi-poshuku-systemy-isybislaw-pidstavy-formuvannya-klasiv-ekvivalentnosti","status":"publish","type":"page","link":"https:\/\/termvisnyk.iul-nasu.org.ua\/en\/zbirnyky-naukovyh-prats\/2019-2\/terminologichnyj-visnyk-5\/semantychni-vidnoshennya-mizh-terminamy-u-movi-poshuku-systemy-isybislaw-pidstavy-formuvannya-klasiv-ekvivalentnosti.html","title":{"rendered":"Semantic Ratio Between Terms in Search for the Isybislaw System: Grounds for Forming Equivalent Classes"},"content":{"rendered":"<strong>Alla Taran<\/strong><\/p>\n<p><strong><em>Information about the author<\/em><\/strong>: candidate of Philological Sciences, Associate Professor of the Ukrainian Linguistics and Applied Linguistics Department of Bohdan Khmelnytsky Cherkasy National University<\/p>\n<p><strong><em>e-mail<\/em><\/strong>: alla_taran@ukr.net<\/p>\n<p><strong><em>Title<\/em><\/strong>: Semantic Ratio Between Terms in Search for the Isybislaw System: Grounds for Forming Equivalent Classes<\/p>\n<p><strong><em>Rubric<\/em><\/strong>: Terminology of Linguistic and Related Sciences<\/p>\n<p><strong><em>Language<\/em><\/strong>: Ukrainian<\/p>\n<p><strong><em>Abstract<\/em><\/strong>:\u00a0The article analyzes the terminology of speech dynamics, in particular the semantic relation between the terms in the language of the search of the iSybislaw system: the names of the varieties of secondary nomination and semantic derivation. The specificity of semantic neologisms is that they express different types of derivative meanings, the development of which may occur primarily in a non-morphological way of word formation, which does not involve changing the form of the word. We classify semantic innovations as a new meaning in the semantics of an already existing word.\u00a0 Researchers of dynamic processes in lexicon, a new meaning of the present word, as a consequence of its semantic derivation, are distinguished as a kind of neologism.\u00a0 N. Z. Kottelova points to the existence of \u201cneologisms-values\u201d as emerging as a result of semantic derivations on the basis of metaphor and other transfers of nomination or verbal derivation, when the semantic neologism was formed morphologically.<\/p>\n<p>In modern linguistic literature there are different classifications of the types of semantic changes that cause the derivation of the meanings of verbal units.\u00a0 The formal-semantic relation between the terms for the meaning of semantic changes in the language of the keywords of the iSybislaw information retrieval system represents not only duplicity, but also more and more meaningful differences in such terms, the need for their aspect of the article.<\/p>\n<p>In our opinion, the specifics of semantic neologisms are that they express different types of derivative meanings, the development of which may occur primarily in a non-morphological way of word formation, which does not involve changing the form of the word.\u00a0 The varieties of semantic derivation are: metaphorical transfer, metonymy, expansion of meaning, narrowing, semantic shift (preservation of semantic volume).<\/p>\n<p>The expansion and narrowing of the nominating volume are closely related to the processes of termination and determinism. Semantic traces are considered as part of semantic neologisms formed by verbal derivation on the basis of a common form of known values with new borrowings.\u00a0 The results of semantic changes may also be the improvements (reclamation) and deterioration (pejorations) of values (along with its narrowing or expansion); gain, hyper-semantic value; desemation. Semantic processes include the processes of depoliticization and deideologization of certain groups of words.<\/p>\n<p>To display the semantic potential of vocabulary, it is extremely necessary not only to identify and describe the effects of semantic changes of different types, but also to unify the terminology of their designation, to develop a conceptual and methodical-procedural apparatus for their analysis, to determine the criteria for their normalization and codification for fixing in the Ukrainian dictionaries the register of new\u00a0 generation and future electronic thesaurus of Slavic linguistic terminology, the need for which is becoming increasingly clear to the developers of the iSybislaw system.<\/p>\n<p><em>Keywords<\/em>:\u00a0language dynamics, semantic changes, iSybislaw, term, secondary nomination, semantic derivation.<\/p>\n<p><strong><em>References<\/em><\/strong><\/p>\n<ol>\n<li>Apresyan,\u00a0Yu.D. (1995). <em>Leksicheskaja semantika<\/em> [Lexical semantics]. Vol.\u00a01 (in Rus.).<\/li>\n<li>Badeeva,E.Ya. (2005). <em>Metonimiya<\/em> <em>imeni<\/em> <em>v<\/em> <em>obshchestvenno<\/em><em>&#8211;<\/em><em>politicheskoj<\/em> <em>leksike<\/em> <em>anglijskogo<\/em> <em>yazyka<\/em><em>: <\/em><em>kognitivnyj<\/em> <em>i<\/em> <em>pragmaticheskij<\/em> <em>aspekty<\/em> [Metonymy of Name in English Political Lexicon: Cognitive and Pragmatic Aspects]. (Abstract of PhD thesis). Moskow (in Rus.).<\/li>\n<li>Beleckij,\u00a0A.A. (1955). Ob internacionalizmah [On internationalism]. <em>N<\/em><em>aukovi zapysky zbirnyk filolohichnoho fakultetu<\/em>. Vol. XIV, Issue II, 8, 59-80 (in Rus.).<\/li>\n<li>Gak,\u00a0V. G. (1966). <em>Besedy o francuzskom slove<\/em> (Iz sravnitelnoj leksikologii francuzskogo i russkogo yazykov) [Conversations on a French Word (From the Comparative French \u2013 Russian Lexicology)]. Moskow (in Rus.).<\/li>\n<li>Ermakova,\u00a0O.P. (2003). Semanticheskie oppozicii kak otrazhenie zhizni rossijskogo obshhestva v poslednie desjatiletija XX veka [Semantic Opposition as a Reflection of the Life of Russian Society in the Last Decades of the Twentieth Century]. <em>Procesy innowacyjne w j\u0119zykach s\u0142owia\u0144skich <\/em>[Innovative processes in Slavic languages]. Warszawa: Slawistyczny o\u015brodek wydawniczy, (pp. 51-62). (in Rus.).<\/li>\n<li>Karpilovska,\u00a0Ie.A., Kysliuk,\u00a0L.P., Klymenko,\u00a0N.F., Krytska,\u00a0V.I., Puzdyrieva,\u00a0T.K., Romaniuk,\u00a0Yu.V. (2017). <em>Vplyv suspilnykh zmin na rozvytok ukrainskoi movy<\/em> [Influence of Social Change on the Development of the Ukrainian Language]. Kyiv: Vydavnychyi dim Dmytra Buraho (in Ukr.).<\/li>\n<li>Kotelova,\u00a0N.Z. (1990). Neologizmy [Neologisms].<em> Lingvisticheskij jenciklopedicheskij slovar\u2019<\/em> [Linguistic Encyclopedic Dictionary]. (p. 331). (in Rus.).<\/li>\n<li>Kotelova,N.Z. (1988). Teoreticheskie aspekty leksikograficheskogo opisanija neologizmov [Theoretical Aspects of the Lexicographic Description of Neologisms]. <em>Sovetskaja<\/em> <em>leksikografija<\/em> [Soviet Lexicography]. (pp. 46-63). Moskow (in Rus.).<\/li>\n<li>Kulinich,\u00a0I.A. (1990). <em>Semanticheskaya<\/em> <em>derivaciya<\/em> <em>v<\/em> <em>russkoj<\/em> <em>leksike<\/em><em> 60 \u2013 80 <\/em><em>godov<\/em> <em>i<\/em> <em>ee<\/em> <em>otrazhenie<\/em> <em>v<\/em> <em>neograficheskih<\/em> <em>i<\/em> <em>drugih<\/em> <em>leksikograficheskih<\/em> <em>istochnikah<\/em> [Semantic Derivation in Russian Vocabulary of the 60s-80s And Its Reflection in Neographic and Other Lexicographic Sources]. (Abstract of PhD thesis). Kyiv (in Rus.).<\/li>\n<li>Lapshina,M.N. <em>Semanticheskaya<\/em> <em>derivaciya<\/em> <em>v<\/em> <em>kognitivnom<\/em> <em>aspekte<\/em><em> (<\/em><em>na<\/em> <em>materiale<\/em> <em>anglijskogo<\/em> <em>yazyka<\/em><em>)<\/em> [Semantic Derivation in the Cognitive Aspect (Based on English)]. (Abstract of Doctoral theses). St. Petersburg (in Rus.).<\/li>\n<li>Nikitchenko,N.S. (1985). <em>Semanticheskie<\/em> <em>neologizmy<\/em> <em>russkogo<\/em> <em>yazyka<\/em> <em>poslednih<\/em> <em>desyatiletij<\/em><em> (<\/em><em>na<\/em> <em>materiale<\/em> <em>slovarej<\/em> <em>novyh<\/em> <em>slov<\/em><em>) <\/em>[Semantic Neologisms in Russian Language over the Last Decades (Based on Dictionaries of New Words)]. (Abstract of PhD thesis). Leningrad (in Rus.).<\/li>\n<li>Paul\u2019\u00a0G. (1960). <em>Principy istorii jazyka <\/em>[Principien der Sprachgeschichte]. Moskow: Inostrannaya literatura (in Rus.).<\/li>\n<li>Sokolov,\u00a0O.M. (1972). <em>Voprosy morfemno-semanticheskoj sootnositel&#8217;nosti v leksike russkogo jazyka<\/em>: Materialy dlja speckursa. [Problems of Morphemic and Semantic Correlation in the Vocabulary of the Russian Language]. Tomsk (in Rus.).<\/li>\n<li><em>Taranenko<\/em>,\u00a0<em>A.A.<\/em>(1989).\u00a0<em>Jazykovaja semantika v ee dinamicheskih aspektah<\/em>\u00a0[Language semantics in its dynamic\u00a0<em>aspects<\/em>]. Kyiv: Naukova dumka (in Rus.).<\/li>\n<li>Telija,\u00a0V.N. (1977.). <em>Vtorichnaja nominacija i ee vidy. Jazykovaja nominacija: Vidy naimenovanij<\/em> [Secondary Nomination and Its Types. Language Nomination. Types of Names]. (Vol.\u00a02). (pp. 129-221). Moscow: Nauka (in Rus).<\/li>\n<li>Telija,\u00a0V.N. (1981). <em>Tipy jazykovyh znachenij: Svjazannoe znachenie slova v jazyke<\/em> [Types of linguistic values. The meaning of a word in a language]. Moscow: Nauka (in Rus.).<\/li>\n<li>Bralczyka,\u00a0J. i Mosio\u0142ek-K\u0142osi\u0144skiej (Ed.). Markowski,\u00a0A. (2000). Jawne i ukryte nowsze zapo\u017cyczenia leksykalne w mediach [Explicit and Implicit New Lexical Borrowings in the Media]. <em>J\u0119zyk w mediach masowych <\/em>[Language in mass media]. Warszawa (pp. 96-111) (in Pol.).<\/li>\n<\/ol>","protected":false},"excerpt":{"rendered":"<p>Alla Taran Information about the author: candidate of Philological Sciences, Associate Professor of the Ukrainian Linguistics and Applied Linguistics Department of Bohdan Khmelnytsky Cherkasy National University e-mail: alla_taran@ukr.net Title: Semantic Ratio Between Terms in Search for the Isybislaw System: Grounds for Forming Equivalent Classes Rubric: Terminology of Linguistic and Related Sciences Language: Ukrainian Abstract:\u00a0The article [&hellip;]<\/p>\n","protected":false},"author":1,"featured_media":0,"parent":8583,"menu_order":0,"comment_status":"closed","ping_status":"closed","template":"","meta":[],"_links":{"self":[{"href":"https:\/\/termvisnyk.iul-nasu.org.ua\/en\/wp-json\/wp\/v2\/pages\/8740"}],"collection":[{"href":"https:\/\/termvisnyk.iul-nasu.org.ua\/en\/wp-json\/wp\/v2\/pages"}],"about":[{"href":"https:\/\/termvisnyk.iul-nasu.org.ua\/en\/wp-json\/wp\/v2\/types\/page"}],"author":[{"embeddable":true,"href":"https:\/\/termvisnyk.iul-nasu.org.ua\/en\/wp-json\/wp\/v2\/users\/1"}],"replies":[{"embeddable":true,"href":"https:\/\/termvisnyk.iul-nasu.org.ua\/en\/wp-json\/wp\/v2\/comments?post=8740"}],"version-history":[{"count":1,"href":"https:\/\/termvisnyk.iul-nasu.org.ua\/en\/wp-json\/wp\/v2\/pages\/8740\/revisions"}],"predecessor-version":[{"id":8741,"href":"https:\/\/termvisnyk.iul-nasu.org.ua\/en\/wp-json\/wp\/v2\/pages\/8740\/revisions\/8741"}],"up":[{"embeddable":true,"href":"https:\/\/termvisnyk.iul-nasu.org.ua\/en\/wp-json\/wp\/v2\/pages\/8583"}],"wp:attachment":[{"href":"https:\/\/termvisnyk.iul-nasu.org.ua\/en\/wp-json\/wp\/v2\/media?parent=8740"}],"curies":[{"name":"wp","href":"https:\/\/api.w.org\/{rel}","templated":true}]}}