{"id":8724,"date":"2020-03-10T09:16:43","date_gmt":"2020-03-10T07:16:43","guid":{"rendered":"http:\/\/termvisnyk.iul-nasu.org.ua\/?page_id=8724"},"modified":"2020-03-10T09:16:43","modified_gmt":"2020-03-10T07:16:43","slug":"retseptsiya-ukrayinskyh-tradytsij-u-biloruskij-terminologiyi","status":"publish","type":"page","link":"https:\/\/termvisnyk.iul-nasu.org.ua\/en\/zbirnyky-naukovyh-prats\/2019-2\/terminologichnyj-visnyk-5\/retseptsiya-ukrayinskyh-tradytsij-u-biloruskij-terminologiyi.html","title":{"rendered":"Perception of the Ukrainian Traditions in Belarus Terminology"},"content":{"rendered":"<strong>Oleksandr Skopnenko<\/strong><\/p>\n<p><strong><em>Information about the author<\/em><\/strong>: Candidate of Philological Sciences, Deputy Director for Scientific Work of the O.O. Potebnia Linguistics Institute of NAS of Ukraine<\/p>\n<p><strong><em>e-mail<\/em><\/strong>: skopnenko@ua.fm<\/p>\n<p><strong><em>Title<\/em><\/strong>: Perception of the Ukrainian Traditions in Belarus Terminology<\/p>\n<p><strong><em>Rubric<\/em><\/strong>: Theory and History of Terminology Slavic Terminology<\/p>\n<p><strong><em>Language<\/em><\/strong>: Ukrainian<\/p>\n<p><strong><em>Abstract<\/em><\/strong>:\u00a0The development of the terminology of each language depends on the socio-cultural conditions in which the carriers of this idiom live. This is a major factor affecting the configuration of the entire terminology system, and the features of its individual parts, and the general tradition of terminology, serving as one of the parties to standardize the literary language. An example of such a establishedness can be the difficult and controversial formation of terminology in the language of the colonized people, which by any cultural acts, even at first glance, the capitulatory, hides the general idea of its resistance to the dominant language and culture. In the social typology of languages, national terminology plays a prominent role, since it affects the characterization of several relevant attributes of the idiom. Terminology directly depends and at the same time to a certain extent determines the power of foreign-language influences, the communicative sphere of language, and also indirectly determines the degree of tradition of the idiom. In other words, it affects half of the parameters required to create a language characteristic by the methods of social typology. Certainly, throughout all history these parameters do not remain constant, vary depending on cultural-historical conditions.<\/p>\n<p>Belarusian linguistics has a long tradition of studying the principles and methods of creating terminology. However, terminology in Belarus as an independent scientific discipline was formed only in the second half of the twentieth century. Based on various sources, researchers analyzed botanical, grammatical, entomological, agricultural, philosophical, legal, automotive, water transport, and others varieties of terminology in the Belarusian language. However, the problem of the perception of Ukrainian traditions in the Belarusian terminology has still little studied.<\/p>\n<p>In the scientific level, the issues of foreign-language influences on the lexical subsystem of the new Belarusian literary language (respectively, and on the Belarusian terminology) were first raised in the 1920\u2019s when there were active processes of codification of the idiom. Purposeful and scientifically substantiated Belarusian terminology was initiated in 1921-1922, since it was at this time that the first (mathematical) dictionary from the series \u201cBelarusian Scientific Terminology\u201d, as well as 8 terminological collections containing materials on grammar, logic, arithmetic, algebra, botany, geometry, trigonometry. However, the general codification, and hence the beginning of the terms of the Belarusian language, was initiated in 1918, during the First World War, when under the auspices of the occupation headquarters of the German Army in the East, was printed \u201cSieben-Sprachen W\u00f6rterbuch: Deutsch, Polnisch, Russisch, Wei\u00dfruthenisch, Litauisch, Lettisch, Jiddisch\u201d, is also known in the history of lexicography as \u201cThe Lexicon of the Belarusian Language in German Processing\u201d, or the Seven-language Glossary.<\/p>\n<p>Vilnius (in the Belarusian tradition for the name of this city was used exonym Vilna) played the role of the leading cultural centre in the Belarusian national revival until the 1930s. In the first half of the 20\u2019s of the twentieth century the study literature originally came out in Vilnius, but only later \u2013 in Minsk, which was separated from the western Belarusian lands by the state Polish-Soviet border (in fact since 1919, legally since 1921 \u2013 after the signing of the Riga Peace Treaty). Terminology created in the western Belarusian lands during the 1920\u2019s was freely used in Soviet Belarus.<\/p>\n<p>Ukrainian influences on Belarusian terminology were not limited to only one era, alternating throughout the period of the formation and development of a new Belarusian literary language. Let\u2019s say they are quite expressive in the nineteenth century, in the 20\u2019s and 30\u2019s of the twentieth century. As a result, a number of elements of Ukrainian origin have been consolidated in the Belarusian linguistic terminology.<\/p>\n<p>After the language reform of 1933 and up to our time, the researchers of Belarus mostly focused on studying the role of the Russian language as the main source of borrowing in the field of Belarusian terminology. The influence of Ukrainian tradition on the terminological system of the Belarusian language from the second half of the twentieth century gradually weakens, but it does not fade well in our time. The study of this problem in a wide range of Belarusian texts will allow us to show in which groups of lexicon the perception of Ukrainian traditions are most entrenched.<\/p>\n<p>However, at this stage of research it can be stated that Ukrainian codification has become an integral part of the information field of the Belarusian codification processes, which is especially noticeable on the example of the formation of the Belarusian language terminology in the first third of the twentieth century.<\/p>\n<p><em>Keywords<\/em>:\u00a0new Belarusian literary language, new Ukrainian literary language, term, terminology, terminology system, lexicology, lexicography, normalization, codification, linguistic influence.<\/p>\n<p><strong><em>References<\/em><\/strong><\/p>\n<ol>\n<li>Volkova, E. (2013). Prabliemy bielaruskaj linhvisty\u010dnaj terminalohii i pytannie suadnosnasci kliu\u010davych slo\u016d (linhvisty\u010dnych termina\u016d) u iSybislaw [Problems of Belarusian linguistic terminology and the question of the correspondence of keywords (linguistic terms) in iSybislaw].\u00a0<em>Slavia Orientalis, <\/em>62,\u00a0<em>285-292\u00a0<\/em>(in Bel.).<\/li>\n<li>Ara\u0161onkava,\u00a0H.U., Bulyka\u00a0A.M., Liu\u0161cik,\u00a0U.V., Padlu\u017eny,\u00a0A.I. (1999). <em>Teoryja i praktyka bielaruskaj terminalohii<\/em> [Theory and Practice of Belarusian Terminology]. Minsk (in Belarusian).<\/li>\n<li>Bajkow,\u00a0M. (1921). Leksykon belaruskaj movy w njameckaj apracowcy [Lexicon of the Belarusian language in the German Processing]. <em>Vesnik Narodnaga Komisaryjata Asvety S.R.R.B<\/em> [Bulletin of National Education Commissariat], 1, 10-12 (in Belarusian).<\/li>\n<li>Zaprudski,\u00a0S. (2005). Da haraktjerystyki pachatkovaga jetapu vypracowki belaruskaj navukovaj tjerminalogii w 1920 ja gady [To the Characteristics of the Initial Stage of Development of the Belarusian Scientific Terminology in the 1920s.]. <em>Studia Slavica Hungarica<\/em>. Vol. 50\/1-2, 157-167 (in Belarusian).<\/li>\n<li>Karatkevich, I.I. (2018). Sacyjalnyja aspekty mownaj situacyi 1920-h gg. [Social Aspects of the Language Situation in 1920s.]. <em>Belaruskaja leksika i gramatyka: mownaja styhija i mownaja norma: Dapamozhnik <\/em>[Belarusian Vocabulary and Grammar: Language Elements and Language Norm: Handbook]. I.I.Karatkevich, S.A.\u00a0Vazhnik, V.I.\u00a0Ulasevich, V.I. (pp. 20-28). Kyiv (in Belarusian).<\/li>\n<li>Kramko,\u00a0I.I., Jurjevich,\u00a0A.K., Janovich,\u00a0A.I. (1968). <em>Gistoryja belaruskaj litaraturnaj movy<\/em> [History of the Belorusian literary Language] (Vol.\u00a02). Minsk (in Belarusian).<\/li>\n<li>Krasnej,\u00a0V.P. (1969). <em>Belorusskaja filologicheskaja terminologija nachala XX v<\/em>. [Belarusian Linguistic Termniology of the Beggining of the 20th Century] (Abstract of PhD thesis). Minsk (in Belarusian.).<\/li>\n<li>Liubeckaja,\u00a0K. (2010). Poshuki pryncypaw i shljahow uparadkavannja gaspadarcha-jekanamichnaj leksiki w belaruskaj leksikagrafii [The search for principles and ways to streamline economic and ekanamichnay vocabulary in Belarusian lexicography]. <em>Mova \u2013 litaratura \u2013 kultura.<\/em> Matjeryly VI Mizhnarodnaj navukovaj kanferjencyi (Minsk, 28\u201329 kastrychnika 2010) [Language \u2013 Literature \u2013 Culture. Matirials of the 6th International Scientific Conference (Minsk, 28-29.10.2010)] (pp. 113-118). Minsk (in Belarusian).<\/li>\n<li>Liubeckaja,\u00a0K. (2001). Da pytannja pra belaruska-njameckuju i njamecka-belaruskuju leksikagrafichnuju tradycyju [To the Question on Belarusian-German and German-Belarusian Lexicographic Tradition]. <em>Belaruskaja mova: shljahi razviccja, kantakty, perspektyvy.<\/em> Matyryjaly III Mizhnarodnaga kangrjesa belarusistaw \u201cBelaruskaja kul\u2019tura w dyjalogu cyvilizacyj\u201d (Minsk, 21 \u2013 25 maja, 4 \u2013 7 snezhnja 2000 g.) [Belarusian Language: Ways of the Development, Contacts, Perspectives] (pp.\u00a0262-267). Minsk (in Belarusian).<\/li>\n<li>Mechkovskaja, N. (2004). Prostranstvennye i hronologicheskie parametry v social&#8217;noj tipologii jazykov: glubina dialektnoj differenciacii jazyka i vremja formirovanija ego jetnicheskogo i naddialektnogo standarta [Spatial and Chronological Parameters in the Social Typology of Languages: the Depth of the Dialectic Differentiation of the Language and the Time of Formation of Its Ethnic and Dialect Standard]. <em>Wiener<\/em> <em>slawistischer<\/em> <em>Almanach <\/em>[Vienna Slavic Almanac]. Bd. 53, 259-289 (in Rus.).<\/li>\n<li>Nekrashjevich,\u00a0S.M. (2004). Da pytannja ab ukladanni slownika zhyvoj belaruskaj movy. <em>Vybranyja navukovyja pracy akadjemika S.M.\u00a0Nekrashjevicha, da 120-goddzja z dnja naradzhjennja<\/em> (pp. 48-79). Minsk (in Belarusian).<\/li>\n<li>Cyhun, G. (2000). Belaruskaja tjerminalogija w tjerminalagichnyh slownikah (1918 \u2013 1998) [To the Question on Belarusian Dictionaries Compiling (1918 \u2013 1998)]. <em>Tjerminalagichnyja slowniki (asobnyja vydanni) 1918 \u2013 1998<\/em> [Terminological Dictionaries (Some Editions) 1918 \u2013 1998]. (pp. 3-8). Minsk (in Belarusian).<\/li>\n<li>Cyhun, G. (2001). Da belaruska-slavenskih dachynennjaw (gistarychna-mownaja prablematyka) [To the Belarusian-Slovenian Relations (Historical and Linguistic Perspective)]. <em>Belaruskaja mova: shljahi razviccja, kantakty, perspektyvy.<\/em> Matyryjaly III Mizhnarodnaga kangrjesa belarusistaw \u201cBelaruskaja kul\u2019tura w dyjalogu cyvilizacyj\u201d (Minsk, 21 \u2013 25 maja, 4 \u2013 7 snezhnja 2000) [Belarusian language: Development of Contacts and Prospects. Matirials of the 3rd International Congress \u201cBelarusian Culture in the Dialogue of Civilizations\u201d (Minsk, 21 &#8211; 25 May 4 &#8211; 7 December 2000)]. (pp.132-136). Minsk (in Belarusian).<\/li>\n<li>Cyhun, G. (2004). Sacyjakulturny aspekt u gistryi belaruskaj litaraturnaj movy (t. zv. njamecki faktar) [Socio-cultural aspect in the History of Belarusian Literary Language (German Factor)]. <em>Normen, Namen und Tendenzen in der Slavia. Festschrift f\u00fcr Karl Gutschmidt zum 65. Geburtstag<\/em> [Norms, Names and Tendencies in the Slavia. Commemorative Publication on Karl Gutschmidt\u2019s 65th birthday] (pp. 151-159). M\u00fcnchen (in Belarusian).<\/li>\n<li>Shakun, L.M. (1995). <em>Gistoryja<\/em> <em>belaruskaga<\/em> <em>movaznawstva <\/em>[History of Belarusian Language]<em>.<\/em> Minsk (in Belarusian).<\/li>\n<\/ol>\n<p><strong><em>Legends<\/em><\/strong><\/p>\n<p>Tarashkevich,\u00a0B. (1929). Belaruskaja gramatyka dlja shkol. Vilnja.<\/p>\n<p>Bajkow, M., Nekrashjevich, S. (1925). <em>Belaruska<\/em><em>&#8211;<\/em><em>rasijski<\/em> <em>slownik<\/em>. Mensk. URL: http:\/\/www.slounik.org\/search?dict=&amp;search=%D0%B2%D1%8B%D1%82%D0%B2%D0%B0%D1%80+&amp;x=0&amp;y=0.<\/p>\n<p>Vaenny ruska-belaruski slownik (1933). Mensk. URL: http:\/\/www.slounik.org\/search?dict=&amp;search=%D0%B2%D1%8B%D1%82%D0%B2%D0%B0%D1%80&amp;x=0&amp;y=0.<\/p>\n<p><em>Ukrainska<\/em> <em>mova<\/em><em>. <\/em><em>Entsyklopediia<\/em> [Ukrainian language<em>. <\/em>Encyclopaedia]<em>. <\/em>(2007). (in Ukr.).<\/p>\n<p>Holoskevych,\u00a0H. (1929). <em>Pravopysnyi<\/em> <em>slovnyk<\/em> [Spelling Dictionary]. Kyiv. URL: https:\/\/r2u.org.ua\/s?w=%D1%80%D0%B5%D1%87%D1%96%D0%B2%D0%BD%D0%B8%D0%BA&amp;scope=all&amp;dicts=all&amp;highlight=on. (in Ukr.).<\/p>\n<p><em>Russko-belorusskij slovar\u2019 = Ruska-belaruski slownik<\/em>. (2012). (Vol.\u00a03). Minsk.<\/p>\n<p>Nekrashjevich,\u00a0S.M., Bajkow,\u00a0M.Ja. (1928). <em>Rasijska-belaruski slownik.<\/em> Mensk.<\/p>\n<p>Troska, Ja., Shamol, Ja., Hacjanovich, A. i insh. (1926). \u00a0<em>Slownik ljasnyh tjerminaw<\/em>. Mensk.URL: http:\/\/www.slounik.org\/search?dict=&amp;search=%D0%BC%D0%B0%D1%88%D1% 82%D0%B0&amp;x=0&amp;y=0<\/p>\n<p><em>Slownik selska-gaspadarchae tjerminoljogii (praekt)<\/em>. (1928). Mensk. URL: http:\/\/www.slounik.org\/search?dict=&amp;search=%D0%B2%D1%8B%D1%82%D0%B2%D0%B0%D1%80&amp;x=0&amp;y=0<\/p>\n<p>Nikovskyi,\u00a0A. (1926). <em>Slovnyk ukrainsko-rosiiskyi.<\/em> Kyiv.<\/p>\n<p>Gurlo, A. (1932). <em>Tjehnichnaja tjerminaljogija<\/em>. Mensk. Retrieved from http:\/\/www.slounik.org\/search?dict=&amp;search=%D0%B2%D1%8B%D1%82%D0%B2%D0%B0%D1%80&amp;x=0&amp;y=0<\/p>\n<p>Ljosik,\u00a0Ja. (1927). <em>Shkolnaja gramatyka belaruskae movy<\/em>. Mensk.","protected":false},"excerpt":{"rendered":"<p>Oleksandr Skopnenko Information about the author: Candidate of Philological Sciences, Deputy Director for Scientific Work of the O.O. Potebnia Linguistics Institute of NAS of Ukraine e-mail: skopnenko@ua.fm Title: Perception of the Ukrainian Traditions in Belarus Terminology Rubric: Theory and History of Terminology Slavic Terminology Language: Ukrainian Abstract:\u00a0The development of the terminology of each language depends [&hellip;]<\/p>\n","protected":false},"author":1,"featured_media":0,"parent":8583,"menu_order":0,"comment_status":"closed","ping_status":"closed","template":"","meta":{"footnotes":""},"class_list":["post-8724","page","type-page","status-publish","hentry"],"_links":{"self":[{"href":"https:\/\/termvisnyk.iul-nasu.org.ua\/en\/wp-json\/wp\/v2\/pages\/8724","targetHints":{"allow":["GET"]}}],"collection":[{"href":"https:\/\/termvisnyk.iul-nasu.org.ua\/en\/wp-json\/wp\/v2\/pages"}],"about":[{"href":"https:\/\/termvisnyk.iul-nasu.org.ua\/en\/wp-json\/wp\/v2\/types\/page"}],"author":[{"embeddable":true,"href":"https:\/\/termvisnyk.iul-nasu.org.ua\/en\/wp-json\/wp\/v2\/users\/1"}],"replies":[{"embeddable":true,"href":"https:\/\/termvisnyk.iul-nasu.org.ua\/en\/wp-json\/wp\/v2\/comments?post=8724"}],"version-history":[{"count":1,"href":"https:\/\/termvisnyk.iul-nasu.org.ua\/en\/wp-json\/wp\/v2\/pages\/8724\/revisions"}],"predecessor-version":[{"id":8725,"href":"https:\/\/termvisnyk.iul-nasu.org.ua\/en\/wp-json\/wp\/v2\/pages\/8724\/revisions\/8725"}],"up":[{"embeddable":true,"href":"https:\/\/termvisnyk.iul-nasu.org.ua\/en\/wp-json\/wp\/v2\/pages\/8583"}],"wp:attachment":[{"href":"https:\/\/termvisnyk.iul-nasu.org.ua\/en\/wp-json\/wp\/v2\/media?parent=8724"}],"curies":[{"name":"wp","href":"https:\/\/api.w.org\/{rel}","templated":true}]}}