{"id":8716,"date":"2020-03-10T09:12:23","date_gmt":"2020-03-10T07:12:23","guid":{"rendered":"http:\/\/termvisnyk.iul-nasu.org.ua\/?page_id=8716"},"modified":"2020-03-10T09:12:23","modified_gmt":"2020-03-10T07:12:23","slug":"terminy-aspektni-synonimy-v-kognityvnomu-prostori-movy","status":"publish","type":"page","link":"https:\/\/termvisnyk.iul-nasu.org.ua\/en\/zbirnyky-naukovyh-prats\/2019-2\/terminologichnyj-visnyk-5\/terminy-aspektni-synonimy-v-kognityvnomu-prostori-movy.html","title":{"rendered":"Terms\u2013Aspectual Synonyms in the Cognitive Space of Language"},"content":{"rendered":"<strong>Ievheniia Karpilovska<\/strong><\/p>\n<p><strong><em>Information about the author<\/em><\/strong>: Doctor of Philological Sciences, Professor, Head of Lexicology, Lexicography and Structural and Mathematical Linguistics Department of the Ukrainian Language Institute of NAS of Ukraine<\/p>\n<p><strong><em>e-mail<\/em><\/strong>: karpilovska@gmail.com<\/p>\n<p><strong><em>Title<\/em><\/strong>: Terms\u2013Aspectual Synonyms in the Cognitive Space of Language<\/p>\n<p><strong><em>Rubric<\/em><\/strong>: Theory and History of Terminology Slavic Terminology<\/p>\n<p><strong><em>Language<\/em><\/strong>: Ukrainian<\/p>\n<p><strong><em>Abstract<\/em><\/strong>:\u00a0The article deals with the Ukrainian linguistic terms \u2013 aspectual synonyms. They are considered as a kind of conceptual synonyms that have common or different features of the same concept. Groups of homogeneous aspectual synonyms which form facets in the cognitive space of contemporary Ukrainian linguistic terminological system are determined as well as groups of heterogeneous aspectual synonyms, which are organized into clusters. The operational function of such synonyms for the forming of classes of equivalents of one- and multi-lingual terms in the informational-retrieval language of the keywords of the Base of the World Slavic Linguistics iSybislaw is emphasized.<\/p>\n<p>Determination of certain feature in the cognitive structure of multilingual terms creates the base for revealing the degree of their content closeness and the validity for the inclusion of terms-keywords to the certain classes of equivalence in the information-retrieval language of iSybislaw. The determination of common cognitive features for terms in different languages enables the structuring of their classes of equivalents in the iSybislaw system and, therefore, to organize searching of information within certain facets of aspectual synonyms within such classes; to search equivalents to foreign linguistic terms with the same features of the nomination concept common for them in certain national linguistic traditions.<\/p>\n<p>The analysis of aspectual synonyms in the contemporary Ukrainian linguistic terminological system will provide a solid basis for studying the state and perspectives of understanding the linguistic concepts which today are in the focus of attention and active work of specialists, as well as to find their links with the nominations of the same concepts in other languages and the forming of classes of equivalents for the language of the keywords of the iSybislaw system. Such structuring of the classes of equivalents on the basis of the commonality of the features of multi-lingual coreferential terms will help to optimize the searching of information in the database of system iSybislaw, as well as to create on its basis a new thesaurus of Slavic linguistic terminology as a hypertext system.<\/p>\n<p><em>Keywords<\/em>: Ukrainian language, cognitive space of language, term, synonymy, aspectual synonyms, semantic identity, semantic closeness.<\/p>\n<p><strong><em>References<\/em><\/strong><\/p>\n<ol>\n<li>Boyarova, L.H.\u00a0(2013). Terminy-varianty v ukrainskii zahalnomovnii leksykohrafii: normatyvnyi aspekt [Variant terms in Ukrainian common language lexicography: normative aspect]. <em>Terminolohichnyi Visnyk <\/em>[Terminological Bulletin], 2(1), 189-195 (in\u00a0Ukr.)<\/li>\n<li>Vasetska,\u00a0O.I. (2018). <em>Formalna ta semantychna variantnist syntaksychnykh terminiv<\/em> [Formal and Semantic Variance of Syntactic Terms]. (Abstract of PhD thesis). Institute of the Ukrainian Language of National Academy of Sciences of Ukraine, Kyiv (in\u00a0Ukr.).<\/li>\n<li>Vykhovanets,\u00a0I.R. (2005). Studii pro ukrainski vidminky: terminolohichnyi aspekt [Studies on Ukrainian case: terminology aspect. <em>Ukrainska mova <\/em>[Ukrainian Language], 4, 3-7 (in\u00a0Ukr.).<\/li>\n<li>Volkova, E. (2013). Problems of Belarusian linguistic terminology and the question of the correspondence of keywords (linguistic terms) in iSybislaw. <em>Slavia Orientalis, <\/em>62,\u00a0<em>285-292\u00a0<\/em>(in Belarusian).<\/li>\n<li>Karpilovska,\u00a0Ie.A. (2017). Varianty terminiv movoznavstva u suchasnii naukovo-osvitnii praktytsi i v chasovii perspektyvi [Variants of Linguistic Terms in Modern Scientific and Educational Practice and from a Temporal Perspective]. <em>Dynamika wsp\u00f3\u0142czesnego s\u0142ownictwa s\u0142owia\u0144skiego w przestrzeni stylowo-funkcjonalnej <\/em>[The Dynamics of Modern Slavic Vocabulary in a Stylish and Functional Space] (pp. 9-26).Warszawa (in Ukr.).<\/li>\n<li><em>Karpilovska,\u00a0Ie.A. (<\/em>2014). Rol terminiv-nepriamykh nominatsii u tezaurusi informatsiino-poshukovoi systemy slavistychnoho movoznavstva [The role of Terms-Indirect Nominations in the Thesaurus of Information Retrieval System of the Slavic Linguistics]. <em>Studia z Filologii Polskiej i S\u0142owia\u0144skiej<\/em>,\u00a049, 150-163. Retrieved from <a href=\"https:\/\/doi.org\/10.11649\/sfps.2014.017\">https:\/\/doi.org\/10.11649\/sfps.2014.017<\/a> (in Ukr.).<\/li>\n<li>Kowalski,\u00a0P., Banasiak,\u00a0J. (2017). Kliuchovi slova ta klasy ekvivalentnosti v systemi isybislaw yak znariaddia ta predmet doslidzhen [Keywords and Classes of Equivalence in the iSybislaw System as a Tool and Subject of Study]. <em>Ukrainska mova <\/em>[Ukrainian Language], 4, 14-26 (in Pol.).<\/li>\n<li>Rudnik-Karwatowa,\u00a0Zofia Ewa (2016). Uporiadkuvannia terminolohii dlia potreb informatsiino-poshukovoi systemy [Terminology Arrangement For Information Retrieval Needs in iSybislaw System]. <em>Ukrainska mova <\/em>[Ukrainian Language], 3, 105-117 (in Pol.).<\/li>\n<li>Symonenko,\u00a0L.O. (2007). Termin [Term]. <em>Ukrainian language. Encyclopedia<\/em> (p.\u00a0707). Kyiv: Ukr. entsyklopediia (in Ukr.).<\/li>\n<li>Taranenko,\u00a0O.O. (2007). Synonimy [Synomyms]. <em>Ukrainska mova: Entsyklopediia. <\/em>[Ukrainian Language. Encyclopedia] (pp. 607-610). Kyiv: Ukr. entsyklopediia (in Ukr.).<\/li>\n<li>Yaroshevych,\u00a0I.A. (2008). <em>Ukrainska morfolohichna terminolohiia <\/em><em>\u0425\u0425 \u2013 pochatku \u0425\u0425\u0406 st.<\/em> [Ukrainian Morphological Terminology (the 20<sup>th<\/sup> century &#8211; the beginning of the 21<sup>st<\/sup> century)]. (Abstract of PhD thesis). Kyiv (in Ukr.).<\/li>\n<li>Ostapczuk, O. (2007). J\u0119zyk informacyjno-wyszukiwawczy i problem ekwiwalencji s\u0142\u00f3w kluczowych j\u0119zykoznawstwa slawistycznego [Some Remarks on the Equivalence Keywords in the iSybislaw System Information (Based On Selected Grammatical Terms)]. <em>Zagadnienia Informacji Naukowej<\/em>, 2, 54-63. Retrieved from <a href=\"http:\/\/bbc.uw.edu.pl\/dlibra\/doccontent?id=1795\">http:\/\/bbc.uw.edu.pl\/dlibra\/doccontent?id=1795<\/a> (in Pol.).<\/li>\n<\/ol>\n<p><strong><em>Legends<\/em><\/strong><\/p>\n<p>Bibliographic Database of World Slavic Linguistics Publications Retrieved from http:\/\/ www.isybislaw.ispan.waw.pl<\/p>\n<p>Jedli\u010dka, A. (Red.). (1977, 1979). <em>Slovn\u00edk slovansk\u00e9 lingvistick\u00e9 terminologie<\/em> [Dictionary of Slavonic Linguistic Terminology] (Vol. I-II). Praha.","protected":false},"excerpt":{"rendered":"<p>Ievheniia Karpilovska Information about the author: Doctor of Philological Sciences, Professor, Head of Lexicology, Lexicography and Structural and Mathematical Linguistics Department of the Ukrainian Language Institute of NAS of Ukraine e-mail: karpilovska@gmail.com Title: Terms\u2013Aspectual Synonyms in the Cognitive Space of Language Rubric: Theory and History of Terminology Slavic Terminology Language: Ukrainian Abstract:\u00a0The article deals with [&hellip;]<\/p>\n","protected":false},"author":1,"featured_media":0,"parent":8583,"menu_order":0,"comment_status":"closed","ping_status":"closed","template":"","meta":{"footnotes":""},"class_list":["post-8716","page","type-page","status-publish","hentry"],"_links":{"self":[{"href":"https:\/\/termvisnyk.iul-nasu.org.ua\/en\/wp-json\/wp\/v2\/pages\/8716","targetHints":{"allow":["GET"]}}],"collection":[{"href":"https:\/\/termvisnyk.iul-nasu.org.ua\/en\/wp-json\/wp\/v2\/pages"}],"about":[{"href":"https:\/\/termvisnyk.iul-nasu.org.ua\/en\/wp-json\/wp\/v2\/types\/page"}],"author":[{"embeddable":true,"href":"https:\/\/termvisnyk.iul-nasu.org.ua\/en\/wp-json\/wp\/v2\/users\/1"}],"replies":[{"embeddable":true,"href":"https:\/\/termvisnyk.iul-nasu.org.ua\/en\/wp-json\/wp\/v2\/comments?post=8716"}],"version-history":[{"count":1,"href":"https:\/\/termvisnyk.iul-nasu.org.ua\/en\/wp-json\/wp\/v2\/pages\/8716\/revisions"}],"predecessor-version":[{"id":8717,"href":"https:\/\/termvisnyk.iul-nasu.org.ua\/en\/wp-json\/wp\/v2\/pages\/8716\/revisions\/8717"}],"up":[{"embeddable":true,"href":"https:\/\/termvisnyk.iul-nasu.org.ua\/en\/wp-json\/wp\/v2\/pages\/8583"}],"wp:attachment":[{"href":"https:\/\/termvisnyk.iul-nasu.org.ua\/en\/wp-json\/wp\/v2\/media?parent=8716"}],"curies":[{"name":"wp","href":"https:\/\/api.w.org\/{rel}","templated":true}]}}